{"id":40083,"date":"2026-02-24T11:21:20","date_gmt":"2026-02-24T10:21:20","guid":{"rendered":"https:\/\/imprimeideas.es\/?post_type=product&p=40083"},"modified":"2026-02-26T18:23:12","modified_gmt":"2026-02-26T17:23:12","slug":"mochila-lagrit","status":"publish","type":"product","link":"https:\/\/imprimeideas.es\/en\/product\/mochila-lagrit\/","title":{"rendered":"Mochila Lagrit"},"content":{"rendered":"<p>Mochila de l\u00ednea nature en suave material 100% algod\u00f3n org\u00e1nico de color natural. Con bolsillo frontal de cremallera, asa de transporte y cintas para hombros ajustables. Con distintivo organic en etiqueta lateral.<\/p>","protected":false},"excerpt":{"rendered":"<p>Mochila de l\u00ednea nature en suave material 100% algod\u00f3n org\u00e1nico de color natural. Con bolsillo frontal de cremallera, asa de<\/p>","protected":false},"featured_media":79433,"comment_status":"open","ping_status":"open","template":"","meta":{"inline_featured_image":false},"product_brand":[],"product_cat":[122,94,96],"product_tag":[],"class_list":{"0":"post-40083","1":"product","2":"type-product","3":"status-publish","4":"has-post-thumbnail","6":"product_cat-articulos-sostenibles","7":"product_cat-mochilas","8":"product_cat-oficina-y-negocios","10":"first","11":"instock","12":"taxable","13":"shipping-taxable","14":"purchasable","15":"product-type-variable","16":"has-default-attributes"},"aioseo_notices":[],"_links":{"self":[{"href":"https:\/\/imprimeideas.es\/en\/wp-json\/wp\/v2\/product\/40083","targetHints":{"allow":["GET"]}}],"collection":[{"href":"https:\/\/imprimeideas.es\/en\/wp-json\/wp\/v2\/product"}],"about":[{"href":"https:\/\/imprimeideas.es\/en\/wp-json\/wp\/v2\/types\/product"}],"replies":[{"embeddable":true,"href":"https:\/\/imprimeideas.es\/en\/wp-json\/wp\/v2\/comments?post=40083"}],"version-history":[{"count":1,"href":"https:\/\/imprimeideas.es\/en\/wp-json\/wp\/v2\/product\/40083\/revisions"}],"predecessor-version":[{"id":54391,"href":"https:\/\/imprimeideas.es\/en\/wp-json\/wp\/v2\/product\/40083\/revisions\/54391"}],"wp:featuredmedia":[{"embeddable":true,"href":"https:\/\/imprimeideas.es\/en\/wp-json\/wp\/v2\/media\/79433"}],"wp:attachment":[{"href":"https:\/\/imprimeideas.es\/en\/wp-json\/wp\/v2\/media?parent=40083"}],"wp:term":[{"taxonomy":"product_brand","embeddable":true,"href":"https:\/\/imprimeideas.es\/en\/wp-json\/wp\/v2\/product_brand?post=40083"},{"taxonomy":"product_cat","embeddable":true,"href":"https:\/\/imprimeideas.es\/en\/wp-json\/wp\/v2\/product_cat?post=40083"},{"taxonomy":"product_tag","embeddable":true,"href":"https:\/\/imprimeideas.es\/en\/wp-json\/wp\/v2\/product_tag?post=40083"}],"curies":[{"name":"wp","href":"https:\/\/api.w.org\/{rel}","templated":true}]}}