{"id":40077,"date":"2026-02-24T11:21:20","date_gmt":"2026-02-24T10:21:20","guid":{"rendered":"https:\/\/imprimeideas.es\/?post_type=product&p=40077"},"modified":"2026-02-26T18:13:36","modified_gmt":"2026-02-26T17:13:36","slug":"gorro-selsoker","status":"publish","type":"product","link":"https:\/\/imprimeideas.es\/en\/product\/gorro-selsoker\/","title":{"rendered":"Gorro Selsoker"},"content":{"rendered":"<p>Suave y c\u00e1lido gorro de punto de canal\u00e9, fabricado en material acr\u00edlico el\u00e1stico. Incluye etiqueta frontal a juego para marcaje, disponible en variada gama de colores.<\/p>","protected":false},"excerpt":{"rendered":"<p>Suave y c\u00e1lido gorro de punto de canal\u00e9, fabricado en material acr\u00edlico el\u00e1stico. Incluye etiqueta frontal a juego para marcaje,<\/p>","protected":false},"featured_media":78821,"comment_status":"open","ping_status":"open","template":"","meta":{"inline_featured_image":false},"product_brand":[],"product_cat":[112,118],"product_tag":[],"class_list":{"0":"post-40077","1":"product","2":"type-product","3":"status-publish","4":"has-post-thumbnail","6":"product_cat-gorras-y-sombreros","7":"product_cat-lluvia-y-frio","9":"first","10":"instock","11":"taxable","12":"shipping-taxable","13":"purchasable","14":"product-type-variable","15":"has-default-attributes"},"aioseo_notices":[],"_links":{"self":[{"href":"https:\/\/imprimeideas.es\/en\/wp-json\/wp\/v2\/product\/40077","targetHints":{"allow":["GET"]}}],"collection":[{"href":"https:\/\/imprimeideas.es\/en\/wp-json\/wp\/v2\/product"}],"about":[{"href":"https:\/\/imprimeideas.es\/en\/wp-json\/wp\/v2\/types\/product"}],"replies":[{"embeddable":true,"href":"https:\/\/imprimeideas.es\/en\/wp-json\/wp\/v2\/comments?post=40077"}],"version-history":[{"count":1,"href":"https:\/\/imprimeideas.es\/en\/wp-json\/wp\/v2\/product\/40077\/revisions"}],"predecessor-version":[{"id":54390,"href":"https:\/\/imprimeideas.es\/en\/wp-json\/wp\/v2\/product\/40077\/revisions\/54390"}],"wp:featuredmedia":[{"embeddable":true,"href":"https:\/\/imprimeideas.es\/en\/wp-json\/wp\/v2\/media\/78821"}],"wp:attachment":[{"href":"https:\/\/imprimeideas.es\/en\/wp-json\/wp\/v2\/media?parent=40077"}],"wp:term":[{"taxonomy":"product_brand","embeddable":true,"href":"https:\/\/imprimeideas.es\/en\/wp-json\/wp\/v2\/product_brand?post=40077"},{"taxonomy":"product_cat","embeddable":true,"href":"https:\/\/imprimeideas.es\/en\/wp-json\/wp\/v2\/product_cat?post=40077"},{"taxonomy":"product_tag","embeddable":true,"href":"https:\/\/imprimeideas.es\/en\/wp-json\/wp\/v2\/product_tag?post=40077"}],"curies":[{"name":"wp","href":"https:\/\/api.w.org\/{rel}","templated":true}]}}