{"id":40073,"date":"2026-02-24T11:21:19","date_gmt":"2026-02-24T10:21:19","guid":{"rendered":"https:\/\/imprimeideas.es\/?post_type=product&p=40073"},"modified":"2026-02-26T18:13:36","modified_gmt":"2026-02-26T17:13:36","slug":"soporte-cargador-odwey","status":"publish","type":"product","link":"https:\/\/imprimeideas.es\/en\/product\/soporte-cargador-odwey\/","title":{"rendered":"Soporte Cargador Odwey"},"content":{"rendered":"<p>Soporte de rejilla de coche para smartphone con cargador inal\u00e1mbrico 10W integrado. Mecanismo de ajuste autom\u00e1tico universal para poder usar el dispositivo mientras se est\u00e1 cargando. Compatible con dispositivos equipados con tecnolog\u00eda de carga inal\u00e1mbrica. Presentado en atractiva caja individual de dise\u00f1o.<\/p>","protected":false},"excerpt":{"rendered":"<p>Inal\u00e1mbrico 10W. Ajustable<\/p>","protected":false},"featured_media":71615,"comment_status":"open","ping_status":"open","template":"","meta":{"inline_featured_image":false},"product_brand":[],"product_cat":[110,95],"product_tag":[],"class_list":{"0":"post-40073","1":"product","2":"type-product","3":"status-publish","4":"has-post-thumbnail","6":"product_cat-herramientas-brico-y-automovil","7":"product_cat-tecnologia-y-accesorios","9":"first","10":"instock","11":"taxable","12":"shipping-taxable","13":"purchasable","14":"product-type-variable","15":"has-default-attributes"},"aioseo_notices":[],"_links":{"self":[{"href":"https:\/\/imprimeideas.es\/en\/wp-json\/wp\/v2\/product\/40073","targetHints":{"allow":["GET"]}}],"collection":[{"href":"https:\/\/imprimeideas.es\/en\/wp-json\/wp\/v2\/product"}],"about":[{"href":"https:\/\/imprimeideas.es\/en\/wp-json\/wp\/v2\/types\/product"}],"replies":[{"embeddable":true,"href":"https:\/\/imprimeideas.es\/en\/wp-json\/wp\/v2\/comments?post=40073"}],"version-history":[{"count":1,"href":"https:\/\/imprimeideas.es\/en\/wp-json\/wp\/v2\/product\/40073\/revisions"}],"predecessor-version":[{"id":54388,"href":"https:\/\/imprimeideas.es\/en\/wp-json\/wp\/v2\/product\/40073\/revisions\/54388"}],"wp:featuredmedia":[{"embeddable":true,"href":"https:\/\/imprimeideas.es\/en\/wp-json\/wp\/v2\/media\/71615"}],"wp:attachment":[{"href":"https:\/\/imprimeideas.es\/en\/wp-json\/wp\/v2\/media?parent=40073"}],"wp:term":[{"taxonomy":"product_brand","embeddable":true,"href":"https:\/\/imprimeideas.es\/en\/wp-json\/wp\/v2\/product_brand?post=40073"},{"taxonomy":"product_cat","embeddable":true,"href":"https:\/\/imprimeideas.es\/en\/wp-json\/wp\/v2\/product_cat?post=40073"},{"taxonomy":"product_tag","embeddable":true,"href":"https:\/\/imprimeideas.es\/en\/wp-json\/wp\/v2\/product_tag?post=40073"}],"curies":[{"name":"wp","href":"https:\/\/api.w.org\/{rel}","templated":true}]}}