{"id":40064,"date":"2026-02-24T11:21:18","date_gmt":"2026-02-24T10:21:18","guid":{"rendered":"https:\/\/imprimeideas.es\/?post_type=product&p=40064"},"modified":"2026-02-26T18:23:24","modified_gmt":"2026-02-26T17:23:24","slug":"power-bank-limerick","status":"publish","type":"product","link":"https:\/\/imprimeideas.es\/en\/product\/power-bank-limerick\/","title":{"rendered":"Power Bank Limerick"},"content":{"rendered":"<p>Bater\u00eda auxiliar externa de l\u00ednea nature, fabricada en combinaci\u00f3n de corcho natural y ca\u00f1a de trigo. De 8.000 mAh de capacidad de carga-. Con cargador inal\u00e1mbrico integrado 15W, con conector de entrada\/salida Tipo C + salida USB. Presentada en caja individual de dise\u00f1o eco en cart\u00f3n kraft. Las capacidades mostradas en todas nuestras bater\u00edas auxiliares externas son reales, incorporando todas ellas bater\u00edas de grado A y no recicladas, con una vida \u00fatil de al menos 500 ciclos de carga y seg\u00fan normativa CE. Adem\u00e1s, est\u00e1n fabricadas conforme a los est\u00e1ndares RoHS y en cumplimiento con los siguientes requisitos de seguridad: Sistema de protecci\u00f3n contra sobrecarga del power bank. Sistema de protecci\u00f3n contra descarga completa que proporciona una mayor durabilidad del power bank. Sistema de bloqueo para evitar cortocircuitos. Sistema de transferencia de carga constante, acorde con la capacidad del dispositivo de destino.<\/p>","protected":false},"excerpt":{"rendered":"<p>Inal\u00e1mbrico 15W. 8000 mAh. Salida USB. Salida y Entrada Tipo C<\/p>","protected":false},"featured_media":77797,"comment_status":"open","ping_status":"open","template":"","meta":{"inline_featured_image":false},"product_brand":[],"product_cat":[122,95],"product_tag":[],"class_list":{"0":"post-40064","1":"product","2":"type-product","3":"status-publish","4":"has-post-thumbnail","6":"product_cat-articulos-sostenibles","7":"product_cat-tecnologia-y-accesorios","9":"first","10":"instock","11":"taxable","12":"shipping-taxable","13":"purchasable","14":"product-type-variable","15":"has-default-attributes"},"aioseo_notices":[],"_links":{"self":[{"href":"https:\/\/imprimeideas.es\/en\/wp-json\/wp\/v2\/product\/40064","targetHints":{"allow":["GET"]}}],"collection":[{"href":"https:\/\/imprimeideas.es\/en\/wp-json\/wp\/v2\/product"}],"about":[{"href":"https:\/\/imprimeideas.es\/en\/wp-json\/wp\/v2\/types\/product"}],"replies":[{"embeddable":true,"href":"https:\/\/imprimeideas.es\/en\/wp-json\/wp\/v2\/comments?post=40064"}],"version-history":[{"count":1,"href":"https:\/\/imprimeideas.es\/en\/wp-json\/wp\/v2\/product\/40064\/revisions"}],"predecessor-version":[{"id":54383,"href":"https:\/\/imprimeideas.es\/en\/wp-json\/wp\/v2\/product\/40064\/revisions\/54383"}],"wp:featuredmedia":[{"embeddable":true,"href":"https:\/\/imprimeideas.es\/en\/wp-json\/wp\/v2\/media\/77797"}],"wp:attachment":[{"href":"https:\/\/imprimeideas.es\/en\/wp-json\/wp\/v2\/media?parent=40064"}],"wp:term":[{"taxonomy":"product_brand","embeddable":true,"href":"https:\/\/imprimeideas.es\/en\/wp-json\/wp\/v2\/product_brand?post=40064"},{"taxonomy":"product_cat","embeddable":true,"href":"https:\/\/imprimeideas.es\/en\/wp-json\/wp\/v2\/product_cat?post=40064"},{"taxonomy":"product_tag","embeddable":true,"href":"https:\/\/imprimeideas.es\/en\/wp-json\/wp\/v2\/product_tag?post=40064"}],"curies":[{"name":"wp","href":"https:\/\/api.w.org\/{rel}","templated":true}]}}