{"id":40062,"date":"2026-02-24T11:21:18","date_gmt":"2026-02-24T10:21:18","guid":{"rendered":"https:\/\/imprimeideas.es\/?post_type=product&p=40062"},"modified":"2026-02-26T18:13:50","modified_gmt":"2026-02-26T17:13:50","slug":"soporte-multifuncion-cheviot","status":"publish","type":"product","link":"https:\/\/imprimeideas.es\/en\/product\/soporte-multifuncion-cheviot\/","title":{"rendered":"Soporte Multifunci\u00f3n Cheviot"},"content":{"rendered":"<p>Soporte multifunci\u00f3n plegable todo en uno, fabricado en resistente ABS blanco. Regulable en altura y \u00e1ngulo para una \u00f3ptima visualizaci\u00f3n de la pantalla del smartphone. Cargador inal\u00e1mbrico 10W integrado y bater\u00eda de 5.000 mAh, con entrada\/salida Tipo C, entrada micro USB y dos salidas USB. Compatible con dispositivos m\u00f3viles de carga inal\u00e1mbrica, incluye cable cargador Tipo C y viene presentado en una atractiva caja de dise\u00f1o. Las capacidades mostradas en todas nuestras bater\u00edas auxiliares externas son reales, incorporando todas ellas bater\u00edas de grado A y no recicladas, con una vida \u00fatil de al menos 500 ciclos de carga y seg\u00fan normativa CE. Adem\u00e1s, est\u00e1n fabricadas conforme a los est\u00e1ndares RoHS y en cumplimiento con los siguientes requisitos de seguridad: Sistema de protecci\u00f3n contra sobrecarga del power bank. Sistema de protecci\u00f3n contra descarga completa que proporciona una mayor durabilidad del power bank. Sistema de bloqueo para evitar cortocircuitos. Sistema de transferencia de carga constante, acorde con la capacidad del dispositivo de destino.<\/p>","protected":false},"excerpt":{"rendered":"<p>Cargador Inal\u00e1mbrico 10W. Power Bank 5000 mAh. 2 Salidas USB y 1 Tipo C. Entrada Micro USB y Tipo C. Plegable. Altura y \u00c1ngulo Regulable<\/p>","protected":false},"featured_media":82615,"comment_status":"open","ping_status":"open","template":"","meta":{"inline_featured_image":false},"product_brand":[],"product_cat":[95],"product_tag":[],"class_list":{"0":"post-40062","1":"product","2":"type-product","3":"status-publish","4":"has-post-thumbnail","6":"product_cat-tecnologia-y-accesorios","8":"first","9":"outofstock","10":"taxable","11":"shipping-taxable","12":"purchasable","13":"product-type-variable","14":"has-default-attributes"},"aioseo_notices":[],"_links":{"self":[{"href":"https:\/\/imprimeideas.es\/en\/wp-json\/wp\/v2\/product\/40062","targetHints":{"allow":["GET"]}}],"collection":[{"href":"https:\/\/imprimeideas.es\/en\/wp-json\/wp\/v2\/product"}],"about":[{"href":"https:\/\/imprimeideas.es\/en\/wp-json\/wp\/v2\/types\/product"}],"replies":[{"embeddable":true,"href":"https:\/\/imprimeideas.es\/en\/wp-json\/wp\/v2\/comments?post=40062"}],"version-history":[{"count":1,"href":"https:\/\/imprimeideas.es\/en\/wp-json\/wp\/v2\/product\/40062\/revisions"}],"predecessor-version":[{"id":54382,"href":"https:\/\/imprimeideas.es\/en\/wp-json\/wp\/v2\/product\/40062\/revisions\/54382"}],"wp:featuredmedia":[{"embeddable":true,"href":"https:\/\/imprimeideas.es\/en\/wp-json\/wp\/v2\/media\/82615"}],"wp:attachment":[{"href":"https:\/\/imprimeideas.es\/en\/wp-json\/wp\/v2\/media?parent=40062"}],"wp:term":[{"taxonomy":"product_brand","embeddable":true,"href":"https:\/\/imprimeideas.es\/en\/wp-json\/wp\/v2\/product_brand?post=40062"},{"taxonomy":"product_cat","embeddable":true,"href":"https:\/\/imprimeideas.es\/en\/wp-json\/wp\/v2\/product_cat?post=40062"},{"taxonomy":"product_tag","embeddable":true,"href":"https:\/\/imprimeideas.es\/en\/wp-json\/wp\/v2\/product_tag?post=40062"}],"curies":[{"name":"wp","href":"https:\/\/api.w.org\/{rel}","templated":true}]}}