{"id":40060,"date":"2026-02-24T11:21:18","date_gmt":"2026-02-24T10:21:18","guid":{"rendered":"https:\/\/imprimeideas.es\/?post_type=product&p=40060"},"modified":"2026-02-26T18:19:19","modified_gmt":"2026-02-26T17:19:19","slug":"lampara-multifuncion-cirgux","status":"publish","type":"product","link":"https:\/\/imprimeideas.es\/en\/product\/lampara-multifuncion-cirgux\/","title":{"rendered":"L\u00e1mpara Multifunci\u00f3n Cirgux"},"content":{"rendered":"<p>L\u00e1mpara multifunci\u00f3n plegable todo en uno, en combinaci\u00f3n de aluminio con resistente ABS blanco. 28 LEDs y 3 posiciones de iluminaci\u00f3n (c\u00e1lida, fr\u00eda y media), con intensidad de luz regulable y ajustable en altura. Cargador inal\u00e1mbrico 10W integrado y bater\u00eda de 3.000 mAh, con entrada Tipo C y salida USB. Compatible con dispositivos m\u00f3viles de carga inal\u00e1mbrica, incluye cable cargador Tipo C y viene presentada en una atractiva caja de dise\u00f1o. Las capacidades mostradas en todas nuestras bater\u00edas auxiliares externas son reales, incorporando todas ellas bater\u00edas de grado A y no recicladas, con una vida \u00fatil de al menos 500 ciclos de carga y seg\u00fan normativa CE. Adem\u00e1s, est\u00e1n fabricadas conforme a los est\u00e1ndares RoHS y en cumplimiento con los siguientes requisitos de seguridad: Sistema de protecci\u00f3n contra sobrecarga del power bank. Sistema de protecci\u00f3n contra descarga completa que proporciona una mayor durabilidad del power bank. Sistema de bloqueo para evitar cortocircuitos. Sistema de transferencia de carga constante, acorde con la capacidad del dispositivo de destino.<\/p>","protected":false},"excerpt":{"rendered":"<p>3 Posiciones de Luz. Intensidad de Luz Regulable. Cargador Inal\u00e1mbrico 10W. Power Bank 3000 mAh. Entrada Tipo C. 1 Salida USB<\/p>","protected":false},"featured_media":77462,"comment_status":"open","ping_status":"open","template":"","meta":{"inline_featured_image":false},"product_brand":[],"product_cat":[95],"product_tag":[],"class_list":{"0":"post-40060","1":"product","2":"type-product","3":"status-publish","4":"has-post-thumbnail","6":"product_cat-tecnologia-y-accesorios","8":"first","9":"instock","10":"taxable","11":"shipping-taxable","12":"purchasable","13":"product-type-variable","14":"has-default-attributes"},"aioseo_notices":[],"_links":{"self":[{"href":"https:\/\/imprimeideas.es\/en\/wp-json\/wp\/v2\/product\/40060","targetHints":{"allow":["GET"]}}],"collection":[{"href":"https:\/\/imprimeideas.es\/en\/wp-json\/wp\/v2\/product"}],"about":[{"href":"https:\/\/imprimeideas.es\/en\/wp-json\/wp\/v2\/types\/product"}],"replies":[{"embeddable":true,"href":"https:\/\/imprimeideas.es\/en\/wp-json\/wp\/v2\/comments?post=40060"}],"version-history":[{"count":1,"href":"https:\/\/imprimeideas.es\/en\/wp-json\/wp\/v2\/product\/40060\/revisions"}],"predecessor-version":[{"id":54381,"href":"https:\/\/imprimeideas.es\/en\/wp-json\/wp\/v2\/product\/40060\/revisions\/54381"}],"wp:featuredmedia":[{"embeddable":true,"href":"https:\/\/imprimeideas.es\/en\/wp-json\/wp\/v2\/media\/77462"}],"wp:attachment":[{"href":"https:\/\/imprimeideas.es\/en\/wp-json\/wp\/v2\/media?parent=40060"}],"wp:term":[{"taxonomy":"product_brand","embeddable":true,"href":"https:\/\/imprimeideas.es\/en\/wp-json\/wp\/v2\/product_brand?post=40060"},{"taxonomy":"product_cat","embeddable":true,"href":"https:\/\/imprimeideas.es\/en\/wp-json\/wp\/v2\/product_cat?post=40060"},{"taxonomy":"product_tag","embeddable":true,"href":"https:\/\/imprimeideas.es\/en\/wp-json\/wp\/v2\/product_tag?post=40060"}],"curies":[{"name":"wp","href":"https:\/\/api.w.org\/{rel}","templated":true}]}}