{"id":40048,"date":"2026-02-24T11:21:17","date_gmt":"2026-02-24T10:21:17","guid":{"rendered":"https:\/\/imprimeideas.es\/?post_type=product&p=40048"},"modified":"2026-02-25T20:02:00","modified_gmt":"2026-02-25T19:02:00","slug":"power-bank-maddy","status":"publish","type":"product","link":"https:\/\/imprimeideas.es\/en\/product\/power-bank-maddy\/","title":{"rendered":"Power Bank Maddy"},"content":{"rendered":"<p>Bater\u00eda auxiliar externa de recarga solar y de gran capacidad de carga -8.000 mAh-. Con cargador inal\u00e1mbrico integrado 15W y fijaci\u00f3n magn\u00e9tica para poder usar el dispositivo mientras se est\u00e1 cargando. En resistente ABS, con conector de entrada y salida Tipo C + 2 salidas USB. Incluye anillo adhesivo, siendo v\u00e1lido para todos los dispositivos con tecnolog\u00eda Magsafe y Qi. Presentada en atractiva caja individual de dise\u00f1o.Las capacidades mostradas en todas nuestras bater\u00edas auxiliares externas son reales, incorporando todas ellas bater\u00edas de grado A y no recicladas, con una vida \u00fatil de al menos 500 ciclos de carga y seg\u00fan normativa CE. Adem\u00e1s, est\u00e1n fabricadas conforme a los est\u00e1ndares RoHS y en cumplimiento con los siguientes requisitos de seguridad: Sistema de protecci\u00f3n contra sobrecarga del power bank. Sistema de protecci\u00f3n contra descarga completa que proporciona una mayor durabilidad del power bank. Sistema de bloqueo para evitar cortocircuitos. Sistema de transferencia de carga constante, acorde con la capacidad del dispositivo de destino.<\/p>","protected":false},"excerpt":{"rendered":"<p>Inal\u00e1mbrico 15W. Magn\u00e9tico. 8000 mAh. Carga Solar. 2 Salidas USB. Salida y Entrada Tipo C<\/p>","protected":false},"featured_media":73820,"comment_status":"open","ping_status":"open","template":"","meta":{"inline_featured_image":false},"product_brand":[],"product_cat":[95],"product_tag":[],"class_list":{"0":"post-40048","1":"product","2":"type-product","3":"status-publish","4":"has-post-thumbnail","6":"product_cat-tecnologia-y-accesorios","8":"first","9":"outofstock","10":"taxable","11":"shipping-taxable","12":"purchasable","13":"product-type-variable","14":"has-default-attributes"},"aioseo_notices":[],"_links":{"self":[{"href":"https:\/\/imprimeideas.es\/en\/wp-json\/wp\/v2\/product\/40048","targetHints":{"allow":["GET"]}}],"collection":[{"href":"https:\/\/imprimeideas.es\/en\/wp-json\/wp\/v2\/product"}],"about":[{"href":"https:\/\/imprimeideas.es\/en\/wp-json\/wp\/v2\/types\/product"}],"replies":[{"embeddable":true,"href":"https:\/\/imprimeideas.es\/en\/wp-json\/wp\/v2\/comments?post=40048"}],"version-history":[{"count":1,"href":"https:\/\/imprimeideas.es\/en\/wp-json\/wp\/v2\/product\/40048\/revisions"}],"predecessor-version":[{"id":54376,"href":"https:\/\/imprimeideas.es\/en\/wp-json\/wp\/v2\/product\/40048\/revisions\/54376"}],"wp:featuredmedia":[{"embeddable":true,"href":"https:\/\/imprimeideas.es\/en\/wp-json\/wp\/v2\/media\/73820"}],"wp:attachment":[{"href":"https:\/\/imprimeideas.es\/en\/wp-json\/wp\/v2\/media?parent=40048"}],"wp:term":[{"taxonomy":"product_brand","embeddable":true,"href":"https:\/\/imprimeideas.es\/en\/wp-json\/wp\/v2\/product_brand?post=40048"},{"taxonomy":"product_cat","embeddable":true,"href":"https:\/\/imprimeideas.es\/en\/wp-json\/wp\/v2\/product_cat?post=40048"},{"taxonomy":"product_tag","embeddable":true,"href":"https:\/\/imprimeideas.es\/en\/wp-json\/wp\/v2\/product_tag?post=40048"}],"curies":[{"name":"wp","href":"https:\/\/api.w.org\/{rel}","templated":true}]}}