{"id":40044,"date":"2026-02-24T11:21:17","date_gmt":"2026-02-24T10:21:17","guid":{"rendered":"https:\/\/imprimeideas.es\/?post_type=product&p=40044"},"modified":"2026-02-26T18:37:35","modified_gmt":"2026-02-26T17:37:35","slug":"cargador-raston","status":"publish","type":"product","link":"https:\/\/imprimeideas.es\/en\/product\/cargador-raston\/","title":{"rendered":"Cargador Raston"},"content":{"rendered":"<p>Cargador inal\u00e1mbrico 10W de l\u00ednea nature fabricado en coco. Tras el consumo de su fruto, del coco y su planta se pueden obtener multitud de productos, contribuyendo a la sostenibilidad del planeta y fomentando el uso de materias primas naturales. Incluye 2 salidas USB de 2100mA y es compatible con dispositivos equipados con tecnolog\u00eda de carga inal\u00e1mbrica. Amplia superficie de marcaje y presentado en caja individual de dise\u00f1o eco en cart\u00f3n kraft.<\/p>","protected":false},"excerpt":{"rendered":"<p>Inal\u00e1mbrico 10W. 2 Salidas USB<\/p>","protected":false},"featured_media":80310,"comment_status":"open","ping_status":"open","template":"","meta":{"inline_featured_image":false},"product_brand":[],"product_cat":[122,95],"product_tag":[],"class_list":{"0":"post-40044","1":"product","2":"type-product","3":"status-publish","4":"has-post-thumbnail","6":"product_cat-articulos-sostenibles","7":"product_cat-tecnologia-y-accesorios","9":"first","10":"instock","11":"taxable","12":"shipping-taxable","13":"purchasable","14":"product-type-variable","15":"has-default-attributes"},"aioseo_notices":[],"_links":{"self":[{"href":"https:\/\/imprimeideas.es\/en\/wp-json\/wp\/v2\/product\/40044","targetHints":{"allow":["GET"]}}],"collection":[{"href":"https:\/\/imprimeideas.es\/en\/wp-json\/wp\/v2\/product"}],"about":[{"href":"https:\/\/imprimeideas.es\/en\/wp-json\/wp\/v2\/types\/product"}],"replies":[{"embeddable":true,"href":"https:\/\/imprimeideas.es\/en\/wp-json\/wp\/v2\/comments?post=40044"}],"version-history":[{"count":1,"href":"https:\/\/imprimeideas.es\/en\/wp-json\/wp\/v2\/product\/40044\/revisions"}],"predecessor-version":[{"id":54374,"href":"https:\/\/imprimeideas.es\/en\/wp-json\/wp\/v2\/product\/40044\/revisions\/54374"}],"wp:featuredmedia":[{"embeddable":true,"href":"https:\/\/imprimeideas.es\/en\/wp-json\/wp\/v2\/media\/80310"}],"wp:attachment":[{"href":"https:\/\/imprimeideas.es\/en\/wp-json\/wp\/v2\/media?parent=40044"}],"wp:term":[{"taxonomy":"product_brand","embeddable":true,"href":"https:\/\/imprimeideas.es\/en\/wp-json\/wp\/v2\/product_brand?post=40044"},{"taxonomy":"product_cat","embeddable":true,"href":"https:\/\/imprimeideas.es\/en\/wp-json\/wp\/v2\/product_cat?post=40044"},{"taxonomy":"product_tag","embeddable":true,"href":"https:\/\/imprimeideas.es\/en\/wp-json\/wp\/v2\/product_tag?post=40044"}],"curies":[{"name":"wp","href":"https:\/\/api.w.org\/{rel}","templated":true}]}}