{"id":40035,"date":"2026-02-24T11:21:16","date_gmt":"2026-02-24T10:21:16","guid":{"rendered":"https:\/\/imprimeideas.es\/?post_type=product&p=40035"},"modified":"2026-02-25T15:57:39","modified_gmt":"2026-02-25T14:57:39","slug":"libreta-soporte-fromky","status":"publish","type":"product","link":"https:\/\/imprimeideas.es\/en\/product\/libreta-soporte-fromky\/","title":{"rendered":"Libreta Soporte Fromky"},"content":{"rendered":"<p>Libreta soporte de anillas de l\u00ednea nature. Tapas r\u00edgidas fabricadas en corcho natural, con original soporte en ca\u00f1a de trigo para smartphone y tablet. Incluye el\u00e1stico de cierre y soporte para bol\u00edgrafo en color blanco. 70 hojas interiores con disposici\u00f3n a una raya. Presentada en bolsa individual de dise\u00f1o.<\/p>","protected":false},"excerpt":{"rendered":"<p>Portada R\u00edgida. 70 Hojas<\/p>","protected":false},"featured_media":70913,"comment_status":"open","ping_status":"open","template":"","meta":{"inline_featured_image":false},"product_brand":[],"product_cat":[122,96],"product_tag":[],"class_list":{"0":"post-40035","1":"product","2":"type-product","3":"status-publish","4":"has-post-thumbnail","6":"product_cat-articulos-sostenibles","7":"product_cat-oficina-y-negocios","9":"first","10":"outofstock","11":"taxable","12":"shipping-taxable","13":"purchasable","14":"product-type-variable","15":"has-default-attributes"},"aioseo_notices":[],"_links":{"self":[{"href":"https:\/\/imprimeideas.es\/en\/wp-json\/wp\/v2\/product\/40035","targetHints":{"allow":["GET"]}}],"collection":[{"href":"https:\/\/imprimeideas.es\/en\/wp-json\/wp\/v2\/product"}],"about":[{"href":"https:\/\/imprimeideas.es\/en\/wp-json\/wp\/v2\/types\/product"}],"replies":[{"embeddable":true,"href":"https:\/\/imprimeideas.es\/en\/wp-json\/wp\/v2\/comments?post=40035"}],"version-history":[{"count":1,"href":"https:\/\/imprimeideas.es\/en\/wp-json\/wp\/v2\/product\/40035\/revisions"}],"predecessor-version":[{"id":54370,"href":"https:\/\/imprimeideas.es\/en\/wp-json\/wp\/v2\/product\/40035\/revisions\/54370"}],"wp:featuredmedia":[{"embeddable":true,"href":"https:\/\/imprimeideas.es\/en\/wp-json\/wp\/v2\/media\/70913"}],"wp:attachment":[{"href":"https:\/\/imprimeideas.es\/en\/wp-json\/wp\/v2\/media?parent=40035"}],"wp:term":[{"taxonomy":"product_brand","embeddable":true,"href":"https:\/\/imprimeideas.es\/en\/wp-json\/wp\/v2\/product_brand?post=40035"},{"taxonomy":"product_cat","embeddable":true,"href":"https:\/\/imprimeideas.es\/en\/wp-json\/wp\/v2\/product_cat?post=40035"},{"taxonomy":"product_tag","embeddable":true,"href":"https:\/\/imprimeideas.es\/en\/wp-json\/wp\/v2\/product_tag?post=40035"}],"curies":[{"name":"wp","href":"https:\/\/api.w.org\/{rel}","templated":true}]}}