{"id":40033,"date":"2026-02-24T11:21:16","date_gmt":"2026-02-24T10:21:16","guid":{"rendered":"https:\/\/imprimeideas.es\/?post_type=product&p=40033"},"modified":"2026-02-26T18:03:03","modified_gmt":"2026-02-26T17:03:03","slug":"bloc-notas-lando","status":"publish","type":"product","link":"https:\/\/imprimeideas.es\/en\/product\/bloc-notas-lando\/","title":{"rendered":"Bloc Notas Lando"},"content":{"rendered":"<p>Bloc de notas de l\u00ednea nature. Con tapas r\u00edgidas fabricadas en fibra de caf\u00e9, elaborada a partir de los residuos producidos en la obtenci\u00f3n del caf\u00e9. Una alternativa sostenible que favorece la reducci\u00f3n del uso de pl\u00e1sticos, ahorrando energ\u00eda en el proceso de fabricaci\u00f3n y fomentando as\u00ed el cuidado del medio ambiente. Interior con 100 hojas de disposici\u00f3n a una raya y distintivo fibra de caf\u00e9 en contraportada.<\/p>","protected":false},"excerpt":{"rendered":"<p>Portada R\u00edgida. 100 Hojas<\/p>","protected":false},"featured_media":69979,"comment_status":"open","ping_status":"open","template":"","meta":{"inline_featured_image":false},"product_brand":[],"product_cat":[122,96],"product_tag":[],"class_list":{"0":"post-40033","1":"product","2":"type-product","3":"status-publish","4":"has-post-thumbnail","6":"product_cat-articulos-sostenibles","7":"product_cat-oficina-y-negocios","9":"first","10":"instock","11":"taxable","12":"shipping-taxable","13":"purchasable","14":"product-type-variable","15":"has-default-attributes"},"aioseo_notices":[],"_links":{"self":[{"href":"https:\/\/imprimeideas.es\/en\/wp-json\/wp\/v2\/product\/40033","targetHints":{"allow":["GET"]}}],"collection":[{"href":"https:\/\/imprimeideas.es\/en\/wp-json\/wp\/v2\/product"}],"about":[{"href":"https:\/\/imprimeideas.es\/en\/wp-json\/wp\/v2\/types\/product"}],"replies":[{"embeddable":true,"href":"https:\/\/imprimeideas.es\/en\/wp-json\/wp\/v2\/comments?post=40033"}],"version-history":[{"count":1,"href":"https:\/\/imprimeideas.es\/en\/wp-json\/wp\/v2\/product\/40033\/revisions"}],"predecessor-version":[{"id":54369,"href":"https:\/\/imprimeideas.es\/en\/wp-json\/wp\/v2\/product\/40033\/revisions\/54369"}],"wp:featuredmedia":[{"embeddable":true,"href":"https:\/\/imprimeideas.es\/en\/wp-json\/wp\/v2\/media\/69979"}],"wp:attachment":[{"href":"https:\/\/imprimeideas.es\/en\/wp-json\/wp\/v2\/media?parent=40033"}],"wp:term":[{"taxonomy":"product_brand","embeddable":true,"href":"https:\/\/imprimeideas.es\/en\/wp-json\/wp\/v2\/product_brand?post=40033"},{"taxonomy":"product_cat","embeddable":true,"href":"https:\/\/imprimeideas.es\/en\/wp-json\/wp\/v2\/product_cat?post=40033"},{"taxonomy":"product_tag","embeddable":true,"href":"https:\/\/imprimeideas.es\/en\/wp-json\/wp\/v2\/product_tag?post=40033"}],"curies":[{"name":"wp","href":"https:\/\/api.w.org\/{rel}","templated":true}]}}