{"id":40028,"date":"2026-02-24T11:21:15","date_gmt":"2026-02-24T10:21:15","guid":{"rendered":"https:\/\/imprimeideas.es\/?post_type=product&p=40028"},"modified":"2026-02-26T18:42:26","modified_gmt":"2026-02-26T17:42:26","slug":"bloc-notas-tefan","status":"publish","type":"product","link":"https:\/\/imprimeideas.es\/en\/product\/bloc-notas-tefan\/","title":{"rendered":"Bloc Notas Tefan"},"content":{"rendered":"<p>Bloc de notas de l\u00ednea nature. Con tapas r\u00edgidas fabricadas en cuero reciclado, que rescata las fibras desechadas en los procesos de fabricaci\u00f3n, minimizando el desperdicio de material, contribuyendo a reducir el impacto ambiental y manteniendo a la vez sus propiedades originales. Interior con 100 hojas de disposici\u00f3n a una raya. Incluye marcap\u00e1ginas, el\u00e1stico de cierre y soporte para bol\u00edgrafo a juego. Incluye distintivo cuero reciclado.<\/p>","protected":false},"excerpt":{"rendered":"<p>Portada R\u00edgida. 100 Hojas<\/p>","protected":false},"featured_media":81493,"comment_status":"open","ping_status":"open","template":"","meta":{"inline_featured_image":false},"product_brand":[],"product_cat":[122,96],"product_tag":[],"class_list":{"0":"post-40028","1":"product","2":"type-product","3":"status-publish","4":"has-post-thumbnail","6":"product_cat-articulos-sostenibles","7":"product_cat-oficina-y-negocios","9":"first","10":"instock","11":"taxable","12":"shipping-taxable","13":"purchasable","14":"product-type-variable","15":"has-default-attributes"},"aioseo_notices":[],"_links":{"self":[{"href":"https:\/\/imprimeideas.es\/en\/wp-json\/wp\/v2\/product\/40028","targetHints":{"allow":["GET"]}}],"collection":[{"href":"https:\/\/imprimeideas.es\/en\/wp-json\/wp\/v2\/product"}],"about":[{"href":"https:\/\/imprimeideas.es\/en\/wp-json\/wp\/v2\/types\/product"}],"replies":[{"embeddable":true,"href":"https:\/\/imprimeideas.es\/en\/wp-json\/wp\/v2\/comments?post=40028"}],"version-history":[{"count":1,"href":"https:\/\/imprimeideas.es\/en\/wp-json\/wp\/v2\/product\/40028\/revisions"}],"predecessor-version":[{"id":54367,"href":"https:\/\/imprimeideas.es\/en\/wp-json\/wp\/v2\/product\/40028\/revisions\/54367"}],"wp:featuredmedia":[{"embeddable":true,"href":"https:\/\/imprimeideas.es\/en\/wp-json\/wp\/v2\/media\/81493"}],"wp:attachment":[{"href":"https:\/\/imprimeideas.es\/en\/wp-json\/wp\/v2\/media?parent=40028"}],"wp:term":[{"taxonomy":"product_brand","embeddable":true,"href":"https:\/\/imprimeideas.es\/en\/wp-json\/wp\/v2\/product_brand?post=40028"},{"taxonomy":"product_cat","embeddable":true,"href":"https:\/\/imprimeideas.es\/en\/wp-json\/wp\/v2\/product_cat?post=40028"},{"taxonomy":"product_tag","embeddable":true,"href":"https:\/\/imprimeideas.es\/en\/wp-json\/wp\/v2\/product_tag?post=40028"}],"curies":[{"name":"wp","href":"https:\/\/api.w.org\/{rel}","templated":true}]}}