{"id":40020,"date":"2026-02-24T11:21:14","date_gmt":"2026-02-24T10:21:14","guid":{"rendered":"https:\/\/imprimeideas.es\/?post_type=product&p=40020"},"modified":"2026-02-25T20:02:03","modified_gmt":"2026-02-25T19:02:03","slug":"set-cloister","status":"publish","type":"product","link":"https:\/\/imprimeideas.es\/en\/product\/set-cloister\/","title":{"rendered":"Set Cloister"},"content":{"rendered":"<p>Set de bid\u00f3n y toalla a juego. Incluye: Bid\u00f3n de 800 ml de capacidad con cuerpo en aluminio de acabado brillo. Con tap\u00f3n de seguridad a rosca y mosquet\u00f3n met\u00e1lico de transporte. Toalla absorbente fabricada en microfibra de 160g\/m2 y tama\u00f1o 40&#215;90 cm. Set disponible en variada gama de colores y presentado en caja de cart\u00f3n con colores a juego.<\/p>","protected":false},"excerpt":{"rendered":"<p>Bid\u00f3n Aluminio 800 ml. Toalla Absorbente Microfibra 160 g\/ m2<\/p>","protected":false},"featured_media":40209,"comment_status":"open","ping_status":"open","template":"","meta":{"inline_featured_image":false},"product_brand":[],"product_cat":[101],"product_tag":[],"class_list":{"0":"post-40020","1":"product","2":"type-product","3":"status-publish","4":"has-post-thumbnail","6":"product_cat-deporte-y-aventura","8":"first","9":"outofstock","10":"taxable","11":"shipping-taxable","12":"purchasable","13":"product-type-variable","14":"has-default-attributes"},"aioseo_notices":[],"_links":{"self":[{"href":"https:\/\/imprimeideas.es\/en\/wp-json\/wp\/v2\/product\/40020","targetHints":{"allow":["GET"]}}],"collection":[{"href":"https:\/\/imprimeideas.es\/en\/wp-json\/wp\/v2\/product"}],"about":[{"href":"https:\/\/imprimeideas.es\/en\/wp-json\/wp\/v2\/types\/product"}],"replies":[{"embeddable":true,"href":"https:\/\/imprimeideas.es\/en\/wp-json\/wp\/v2\/comments?post=40020"}],"version-history":[{"count":1,"href":"https:\/\/imprimeideas.es\/en\/wp-json\/wp\/v2\/product\/40020\/revisions"}],"predecessor-version":[{"id":54365,"href":"https:\/\/imprimeideas.es\/en\/wp-json\/wp\/v2\/product\/40020\/revisions\/54365"}],"wp:featuredmedia":[{"embeddable":true,"href":"https:\/\/imprimeideas.es\/en\/wp-json\/wp\/v2\/media\/40209"}],"wp:attachment":[{"href":"https:\/\/imprimeideas.es\/en\/wp-json\/wp\/v2\/media?parent=40020"}],"wp:term":[{"taxonomy":"product_brand","embeddable":true,"href":"https:\/\/imprimeideas.es\/en\/wp-json\/wp\/v2\/product_brand?post=40020"},{"taxonomy":"product_cat","embeddable":true,"href":"https:\/\/imprimeideas.es\/en\/wp-json\/wp\/v2\/product_cat?post=40020"},{"taxonomy":"product_tag","embeddable":true,"href":"https:\/\/imprimeideas.es\/en\/wp-json\/wp\/v2\/product_tag?post=40020"}],"curies":[{"name":"wp","href":"https:\/\/api.w.org\/{rel}","templated":true}]}}