{"id":40017,"date":"2026-02-24T11:21:14","date_gmt":"2026-02-24T10:21:14","guid":{"rendered":"https:\/\/imprimeideas.es\/?post_type=product&p=40017"},"modified":"2026-02-26T18:42:24","modified_gmt":"2026-02-26T17:42:24","slug":"llavero-multifuncion-glasgol","status":"publish","type":"product","link":"https:\/\/imprimeideas.es\/en\/product\/llavero-multifuncion-glasgol\/","title":{"rendered":"Llavero Multifunci\u00f3n Glasgol"},"content":{"rendered":"<p>Llavero multifunci\u00f3n de l\u00ednea nature fabricado en ca\u00f1a de trigo, para as\u00ed fomentar la utilizaci\u00f3n de materias primas naturales y reducir las emisiones contaminantes. Con soporte para smartphone integrado y accesorio limpiapantallas incluido. Con distintivo ca\u00f1a de trigo en el cuerpo del llavero.<\/p>","protected":false},"excerpt":{"rendered":"<p>Limpiapantallas Incluido<\/p>","protected":false},"featured_media":76166,"comment_status":"open","ping_status":"open","template":"","meta":{"inline_featured_image":false},"product_brand":[],"product_cat":[122,106],"product_tag":[],"class_list":{"0":"post-40017","1":"product","2":"type-product","3":"status-publish","4":"has-post-thumbnail","6":"product_cat-articulos-sostenibles","7":"product_cat-regalos-y-premiums","9":"first","10":"instock","11":"taxable","12":"shipping-taxable","13":"purchasable","14":"product-type-variable","15":"has-default-attributes"},"aioseo_notices":[],"_links":{"self":[{"href":"https:\/\/imprimeideas.es\/en\/wp-json\/wp\/v2\/product\/40017","targetHints":{"allow":["GET"]}}],"collection":[{"href":"https:\/\/imprimeideas.es\/en\/wp-json\/wp\/v2\/product"}],"about":[{"href":"https:\/\/imprimeideas.es\/en\/wp-json\/wp\/v2\/types\/product"}],"replies":[{"embeddable":true,"href":"https:\/\/imprimeideas.es\/en\/wp-json\/wp\/v2\/comments?post=40017"}],"version-history":[{"count":1,"href":"https:\/\/imprimeideas.es\/en\/wp-json\/wp\/v2\/product\/40017\/revisions"}],"predecessor-version":[{"id":54364,"href":"https:\/\/imprimeideas.es\/en\/wp-json\/wp\/v2\/product\/40017\/revisions\/54364"}],"wp:featuredmedia":[{"embeddable":true,"href":"https:\/\/imprimeideas.es\/en\/wp-json\/wp\/v2\/media\/76166"}],"wp:attachment":[{"href":"https:\/\/imprimeideas.es\/en\/wp-json\/wp\/v2\/media?parent=40017"}],"wp:term":[{"taxonomy":"product_brand","embeddable":true,"href":"https:\/\/imprimeideas.es\/en\/wp-json\/wp\/v2\/product_brand?post=40017"},{"taxonomy":"product_cat","embeddable":true,"href":"https:\/\/imprimeideas.es\/en\/wp-json\/wp\/v2\/product_cat?post=40017"},{"taxonomy":"product_tag","embeddable":true,"href":"https:\/\/imprimeideas.es\/en\/wp-json\/wp\/v2\/product_tag?post=40017"}],"curies":[{"name":"wp","href":"https:\/\/api.w.org\/{rel}","templated":true}]}}