{"id":40001,"date":"2026-02-24T11:21:13","date_gmt":"2026-02-24T10:21:13","guid":{"rendered":"https:\/\/imprimeideas.es\/?post_type=product&p=40001"},"modified":"2026-02-26T18:23:15","modified_gmt":"2026-02-26T17:23:15","slug":"nevera-parum","status":"publish","type":"product","link":"https:\/\/imprimeideas.es\/en\/product\/nevera-parum\/","title":{"rendered":"Nevera Parum"},"content":{"rendered":"<p>Set de fiambrera y nevera de l\u00ednea nature con Certificaci\u00f3n Food Grade, garantizando la seguridad cuando los alimentos entran en contacto con el material usado para fabricar el producto. Incluye:Nevera fabricada en material 100% algod\u00f3n, con interior isotermo acabado en aluminio. Cierre de cremallera con doble tirador de cord\u00f3n y asa de transporte a juego.Fiambrera fabricada en PP veteado libre de BPA, con tapa de bamb\u00fa y 1l de capacidad. Cierre de cinta el\u00e1stica de seguridad, con compartimentos para tenedor, cuchara y cuchillo (incluidos).<\/p>","protected":false},"excerpt":{"rendered":"<p>Fiambrera PP\/ Bamb\u00fa 1 L Incluida<\/p>","protected":false},"featured_media":79217,"comment_status":"open","ping_status":"open","template":"","meta":{"inline_featured_image":false},"product_brand":[],"product_cat":[122,98],"product_tag":[],"class_list":{"0":"post-40001","1":"product","2":"type-product","3":"status-publish","4":"has-post-thumbnail","6":"product_cat-articulos-sostenibles","7":"product_cat-take-away","9":"first","10":"instock","11":"taxable","12":"shipping-taxable","13":"purchasable","14":"product-type-variable","15":"has-default-attributes"},"aioseo_notices":[],"_links":{"self":[{"href":"https:\/\/imprimeideas.es\/en\/wp-json\/wp\/v2\/product\/40001","targetHints":{"allow":["GET"]}}],"collection":[{"href":"https:\/\/imprimeideas.es\/en\/wp-json\/wp\/v2\/product"}],"about":[{"href":"https:\/\/imprimeideas.es\/en\/wp-json\/wp\/v2\/types\/product"}],"replies":[{"embeddable":true,"href":"https:\/\/imprimeideas.es\/en\/wp-json\/wp\/v2\/comments?post=40001"}],"version-history":[{"count":1,"href":"https:\/\/imprimeideas.es\/en\/wp-json\/wp\/v2\/product\/40001\/revisions"}],"predecessor-version":[{"id":54358,"href":"https:\/\/imprimeideas.es\/en\/wp-json\/wp\/v2\/product\/40001\/revisions\/54358"}],"wp:featuredmedia":[{"embeddable":true,"href":"https:\/\/imprimeideas.es\/en\/wp-json\/wp\/v2\/media\/79217"}],"wp:attachment":[{"href":"https:\/\/imprimeideas.es\/en\/wp-json\/wp\/v2\/media?parent=40001"}],"wp:term":[{"taxonomy":"product_brand","embeddable":true,"href":"https:\/\/imprimeideas.es\/en\/wp-json\/wp\/v2\/product_brand?post=40001"},{"taxonomy":"product_cat","embeddable":true,"href":"https:\/\/imprimeideas.es\/en\/wp-json\/wp\/v2\/product_cat?post=40001"},{"taxonomy":"product_tag","embeddable":true,"href":"https:\/\/imprimeideas.es\/en\/wp-json\/wp\/v2\/product_tag?post=40001"}],"curies":[{"name":"wp","href":"https:\/\/api.w.org\/{rel}","templated":true}]}}