{"id":39999,"date":"2026-02-24T11:21:12","date_gmt":"2026-02-24T10:21:12","guid":{"rendered":"https:\/\/imprimeideas.es\/?post_type=product&p=39999"},"modified":"2026-02-26T18:08:05","modified_gmt":"2026-02-26T17:08:05","slug":"set-sushi-gunkan","status":"publish","type":"product","link":"https:\/\/imprimeideas.es\/en\/product\/set-sushi-gunkan\/","title":{"rendered":"Set Sushi Gunkan"},"content":{"rendered":"<p>Set de sushi premium de 6 piezas, fabricado en bamb\u00fa y pizarra natural, e ideal para servicio o presentaci\u00f3n. Incluye tabla de presentaci\u00f3n de bamb\u00fa en combinaci\u00f3n con pizarra natural , 2 juegos de palillos en bamb\u00fa natural con soportes de cer\u00e1mica y un cuenco de cer\u00e1mica. Presentado en caja individual de dise\u00f1o eco en cart\u00f3n kraft.<\/p>","protected":false},"excerpt":{"rendered":"<p>6 Piezas<\/p>","protected":false},"featured_media":41285,"comment_status":"open","ping_status":"open","template":"","meta":{"inline_featured_image":false},"product_brand":[],"product_cat":[122,104],"product_tag":[],"class_list":{"0":"post-39999","1":"product","2":"type-product","3":"status-publish","4":"has-post-thumbnail","6":"product_cat-articulos-sostenibles","7":"product_cat-hogar-y-decoracion","9":"first","10":"instock","11":"taxable","12":"shipping-taxable","13":"purchasable","14":"product-type-variable","15":"has-default-attributes"},"aioseo_notices":[],"_links":{"self":[{"href":"https:\/\/imprimeideas.es\/en\/wp-json\/wp\/v2\/product\/39999","targetHints":{"allow":["GET"]}}],"collection":[{"href":"https:\/\/imprimeideas.es\/en\/wp-json\/wp\/v2\/product"}],"about":[{"href":"https:\/\/imprimeideas.es\/en\/wp-json\/wp\/v2\/types\/product"}],"replies":[{"embeddable":true,"href":"https:\/\/imprimeideas.es\/en\/wp-json\/wp\/v2\/comments?post=39999"}],"version-history":[{"count":1,"href":"https:\/\/imprimeideas.es\/en\/wp-json\/wp\/v2\/product\/39999\/revisions"}],"predecessor-version":[{"id":54357,"href":"https:\/\/imprimeideas.es\/en\/wp-json\/wp\/v2\/product\/39999\/revisions\/54357"}],"wp:featuredmedia":[{"embeddable":true,"href":"https:\/\/imprimeideas.es\/en\/wp-json\/wp\/v2\/media\/41285"}],"wp:attachment":[{"href":"https:\/\/imprimeideas.es\/en\/wp-json\/wp\/v2\/media?parent=39999"}],"wp:term":[{"taxonomy":"product_brand","embeddable":true,"href":"https:\/\/imprimeideas.es\/en\/wp-json\/wp\/v2\/product_brand?post=39999"},{"taxonomy":"product_cat","embeddable":true,"href":"https:\/\/imprimeideas.es\/en\/wp-json\/wp\/v2\/product_cat?post=39999"},{"taxonomy":"product_tag","embeddable":true,"href":"https:\/\/imprimeideas.es\/en\/wp-json\/wp\/v2\/product_tag?post=39999"}],"curies":[{"name":"wp","href":"https:\/\/api.w.org\/{rel}","templated":true}]}}