{"id":39993,"date":"2026-02-24T11:21:12","date_gmt":"2026-02-24T10:21:12","guid":{"rendered":"https:\/\/imprimeideas.es\/?post_type=product&p=39993"},"modified":"2026-02-26T18:13:36","modified_gmt":"2026-02-26T17:13:36","slug":"delantal-kuirtel","status":"publish","type":"product","link":"https:\/\/imprimeideas.es\/en\/product\/delantal-kuirtel\/","title":{"rendered":"Delantal Kuirtel"},"content":{"rendered":"<p>Delantal de l\u00ednea nature fabricado en material 100% algod\u00f3n org\u00e1nico, cultivado usando m\u00e9todos sostenibles, sin insecticidas, fertilizante u otros productos qu\u00edmicos, favoreciendo as\u00ed el cuidado del medio ambiente. De innovador dise\u00f1o a rayas verticales, con bolsillo frontal en color natural y de corte por debajo de la rodilla. Ajustable, con cintas en cuello y cintura. Distintivo algod\u00f3n org\u00e1nico en etiqueta.<\/p>","protected":false},"excerpt":{"rendered":"<p>Delantal de l\u00ednea nature fabricado en material 100% algod\u00f3n org\u00e1nico, cultivado usando m\u00e9todos sostenibles, sin insecticidas, fertilizante u otros productos<\/p>","protected":false},"featured_media":84056,"comment_status":"open","ping_status":"open","template":"","meta":{"inline_featured_image":false},"product_brand":[],"product_cat":[122,104,105],"product_tag":[],"class_list":{"0":"post-39993","1":"product","2":"type-product","3":"status-publish","4":"has-post-thumbnail","6":"product_cat-articulos-sostenibles","7":"product_cat-hogar-y-decoracion","8":"product_cat-vino-accesorios-de-bebida-y-hosteleria","10":"first","11":"instock","12":"taxable","13":"shipping-taxable","14":"purchasable","15":"product-type-variable","16":"has-default-attributes"},"aioseo_notices":[],"_links":{"self":[{"href":"https:\/\/imprimeideas.es\/en\/wp-json\/wp\/v2\/product\/39993","targetHints":{"allow":["GET"]}}],"collection":[{"href":"https:\/\/imprimeideas.es\/en\/wp-json\/wp\/v2\/product"}],"about":[{"href":"https:\/\/imprimeideas.es\/en\/wp-json\/wp\/v2\/types\/product"}],"replies":[{"embeddable":true,"href":"https:\/\/imprimeideas.es\/en\/wp-json\/wp\/v2\/comments?post=39993"}],"version-history":[{"count":1,"href":"https:\/\/imprimeideas.es\/en\/wp-json\/wp\/v2\/product\/39993\/revisions"}],"predecessor-version":[{"id":54355,"href":"https:\/\/imprimeideas.es\/en\/wp-json\/wp\/v2\/product\/39993\/revisions\/54355"}],"wp:featuredmedia":[{"embeddable":true,"href":"https:\/\/imprimeideas.es\/en\/wp-json\/wp\/v2\/media\/84056"}],"wp:attachment":[{"href":"https:\/\/imprimeideas.es\/en\/wp-json\/wp\/v2\/media?parent=39993"}],"wp:term":[{"taxonomy":"product_brand","embeddable":true,"href":"https:\/\/imprimeideas.es\/en\/wp-json\/wp\/v2\/product_brand?post=39993"},{"taxonomy":"product_cat","embeddable":true,"href":"https:\/\/imprimeideas.es\/en\/wp-json\/wp\/v2\/product_cat?post=39993"},{"taxonomy":"product_tag","embeddable":true,"href":"https:\/\/imprimeideas.es\/en\/wp-json\/wp\/v2\/product_tag?post=39993"}],"curies":[{"name":"wp","href":"https:\/\/api.w.org\/{rel}","templated":true}]}}