{"id":39978,"date":"2026-02-24T11:21:10","date_gmt":"2026-02-24T10:21:10","guid":{"rendered":"https:\/\/imprimeideas.es\/?post_type=product&p=39978"},"modified":"2026-02-26T18:08:23","modified_gmt":"2026-02-26T17:08:23","slug":"botella-ricadel","status":"publish","type":"product","link":"https:\/\/imprimeideas.es\/en\/product\/botella-ricadel\/","title":{"rendered":"Botella Ricadel"},"content":{"rendered":"<p>Botella de 800 ml de capacidad y dise\u00f1o innovador que permite presentar tus bebidas preferidas y mantener ordenados diferentes ingredientes en tu cocina de manera elegante y distinguida. Fabricado en cristal de borosilicato, con tap\u00f3n de corcho natural. El cristal de borosilicato ofrece una resistencia, est\u00e9tica y durabilidad excepcionales, convirti\u00e9ndolo en una idea de regalo perfecta para la conservaci\u00f3n y presentaci\u00f3n de bebidas, o bien como objeto de decoraci\u00f3n. Presentado en caja individual de dise\u00f1o eco en cart\u00f3n kraft.<\/p>","protected":false},"excerpt":{"rendered":"<p>800 ml<\/p>","protected":false},"featured_media":83454,"comment_status":"open","ping_status":"open","template":"","meta":{"inline_featured_image":false},"product_brand":[],"product_cat":[122,97],"product_tag":[],"class_list":{"0":"post-39978","1":"product","2":"type-product","3":"status-publish","4":"has-post-thumbnail","6":"product_cat-articulos-sostenibles","7":"product_cat-tazas-jarras-y-termos","9":"first","10":"instock","11":"taxable","12":"shipping-taxable","13":"purchasable","14":"product-type-variable","15":"has-default-attributes"},"aioseo_notices":[],"_links":{"self":[{"href":"https:\/\/imprimeideas.es\/en\/wp-json\/wp\/v2\/product\/39978","targetHints":{"allow":["GET"]}}],"collection":[{"href":"https:\/\/imprimeideas.es\/en\/wp-json\/wp\/v2\/product"}],"about":[{"href":"https:\/\/imprimeideas.es\/en\/wp-json\/wp\/v2\/types\/product"}],"replies":[{"embeddable":true,"href":"https:\/\/imprimeideas.es\/en\/wp-json\/wp\/v2\/comments?post=39978"}],"version-history":[{"count":1,"href":"https:\/\/imprimeideas.es\/en\/wp-json\/wp\/v2\/product\/39978\/revisions"}],"predecessor-version":[{"id":54350,"href":"https:\/\/imprimeideas.es\/en\/wp-json\/wp\/v2\/product\/39978\/revisions\/54350"}],"wp:featuredmedia":[{"embeddable":true,"href":"https:\/\/imprimeideas.es\/en\/wp-json\/wp\/v2\/media\/83454"}],"wp:attachment":[{"href":"https:\/\/imprimeideas.es\/en\/wp-json\/wp\/v2\/media?parent=39978"}],"wp:term":[{"taxonomy":"product_brand","embeddable":true,"href":"https:\/\/imprimeideas.es\/en\/wp-json\/wp\/v2\/product_brand?post=39978"},{"taxonomy":"product_cat","embeddable":true,"href":"https:\/\/imprimeideas.es\/en\/wp-json\/wp\/v2\/product_cat?post=39978"},{"taxonomy":"product_tag","embeddable":true,"href":"https:\/\/imprimeideas.es\/en\/wp-json\/wp\/v2\/product_tag?post=39978"}],"curies":[{"name":"wp","href":"https:\/\/api.w.org\/{rel}","templated":true}]}}