{"id":39973,"date":"2026-02-24T11:21:10","date_gmt":"2026-02-24T10:21:10","guid":{"rendered":"https:\/\/imprimeideas.es\/?post_type=product&p=39973"},"modified":"2026-02-26T18:13:57","modified_gmt":"2026-02-26T17:13:57","slug":"bolsa-portalena-priya","status":"publish","type":"product","link":"https:\/\/imprimeideas.es\/en\/product\/bolsa-portalena-priya\/","title":{"rendered":"Bolsa Portale\u00f1a Priya"},"content":{"rendered":"<p>Bolsa portale\u00f1a fabricada en resistente poliester, con un dise\u00f1o muy pr\u00e1ctico y c\u00f3modo para transportar le\u00f1a sin riesgo de ara\u00f1azos y heridas en las manos. Incluye dos cintas con mango antideslizante para f\u00e1cil transporte y cierre de velcro. Plegado de peque\u00f1o tama\u00f1o para un sencillo almacenamiento. Presentado en bolsa individual.<\/p>","protected":false},"excerpt":{"rendered":"<p>Bolsa portale\u00f1a fabricada en resistente poliester, con un dise\u00f1o muy pr\u00e1ctico y c\u00f3modo para transportar le\u00f1a sin riesgo de ara\u00f1azos<\/p>","protected":false},"featured_media":77729,"comment_status":"open","ping_status":"open","template":"","meta":{"inline_featured_image":false},"product_brand":[],"product_cat":[102],"product_tag":[],"class_list":{"0":"post-39973","1":"product","2":"type-product","3":"status-publish","4":"has-post-thumbnail","6":"product_cat-ocio-y-tiempo-libre","8":"first","9":"instock","10":"taxable","11":"shipping-taxable","12":"purchasable","13":"product-type-variable","14":"has-default-attributes"},"aioseo_notices":[],"_links":{"self":[{"href":"https:\/\/imprimeideas.es\/en\/wp-json\/wp\/v2\/product\/39973","targetHints":{"allow":["GET"]}}],"collection":[{"href":"https:\/\/imprimeideas.es\/en\/wp-json\/wp\/v2\/product"}],"about":[{"href":"https:\/\/imprimeideas.es\/en\/wp-json\/wp\/v2\/types\/product"}],"replies":[{"embeddable":true,"href":"https:\/\/imprimeideas.es\/en\/wp-json\/wp\/v2\/comments?post=39973"}],"version-history":[{"count":1,"href":"https:\/\/imprimeideas.es\/en\/wp-json\/wp\/v2\/product\/39973\/revisions"}],"predecessor-version":[{"id":54348,"href":"https:\/\/imprimeideas.es\/en\/wp-json\/wp\/v2\/product\/39973\/revisions\/54348"}],"wp:featuredmedia":[{"embeddable":true,"href":"https:\/\/imprimeideas.es\/en\/wp-json\/wp\/v2\/media\/77729"}],"wp:attachment":[{"href":"https:\/\/imprimeideas.es\/en\/wp-json\/wp\/v2\/media?parent=39973"}],"wp:term":[{"taxonomy":"product_brand","embeddable":true,"href":"https:\/\/imprimeideas.es\/en\/wp-json\/wp\/v2\/product_brand?post=39973"},{"taxonomy":"product_cat","embeddable":true,"href":"https:\/\/imprimeideas.es\/en\/wp-json\/wp\/v2\/product_cat?post=39973"},{"taxonomy":"product_tag","embeddable":true,"href":"https:\/\/imprimeideas.es\/en\/wp-json\/wp\/v2\/product_tag?post=39973"}],"curies":[{"name":"wp","href":"https:\/\/api.w.org\/{rel}","templated":true}]}}