{"id":39971,"date":"2026-02-24T11:21:10","date_gmt":"2026-02-24T10:21:10","guid":{"rendered":"https:\/\/imprimeideas.es\/?post_type=product&p=39971"},"modified":"2026-02-25T19:52:16","modified_gmt":"2026-02-25T18:52:16","slug":"vaso-teils","status":"publish","type":"product","link":"https:\/\/imprimeideas.es\/en\/product\/vaso-teils\/","title":{"rendered":"Vaso Teils"},"content":{"rendered":"<p>Vaso con dise\u00f1o take away de 400 ml de capacidad, fabricado en combinaci\u00f3n de cristal de borosilicato y piel. Es ideal para tener en tu escritorio, mesa o en cualquier superficie donde disfrutar tranquilamente de tu bebida favorita. El cristal de borosilicato ofrece una resistencia, est\u00e9tica y durabilidad excepcionales que junto a la piel convierten a este vaso en una opci\u00f3n sostenible y reutilizable, reduciendo as\u00ed el consumo de productos de usar y tirar.<\/p>","protected":false},"excerpt":{"rendered":"<p>400 ml<\/p>","protected":false},"featured_media":66202,"comment_status":"open","ping_status":"open","template":"","meta":{"inline_featured_image":false},"product_brand":[],"product_cat":[128,97],"product_tag":[],"class_list":{"0":"post-39971","1":"product","2":"type-product","3":"status-publish","4":"has-post-thumbnail","6":"product_cat-outlet","7":"product_cat-tazas-jarras-y-termos","9":"first","10":"outofstock","11":"taxable","12":"shipping-taxable","13":"purchasable","14":"product-type-variable","15":"has-default-attributes"},"aioseo_notices":[],"_links":{"self":[{"href":"https:\/\/imprimeideas.es\/en\/wp-json\/wp\/v2\/product\/39971","targetHints":{"allow":["GET"]}}],"collection":[{"href":"https:\/\/imprimeideas.es\/en\/wp-json\/wp\/v2\/product"}],"about":[{"href":"https:\/\/imprimeideas.es\/en\/wp-json\/wp\/v2\/types\/product"}],"replies":[{"embeddable":true,"href":"https:\/\/imprimeideas.es\/en\/wp-json\/wp\/v2\/comments?post=39971"}],"version-history":[{"count":1,"href":"https:\/\/imprimeideas.es\/en\/wp-json\/wp\/v2\/product\/39971\/revisions"}],"predecessor-version":[{"id":54347,"href":"https:\/\/imprimeideas.es\/en\/wp-json\/wp\/v2\/product\/39971\/revisions\/54347"}],"wp:featuredmedia":[{"embeddable":true,"href":"https:\/\/imprimeideas.es\/en\/wp-json\/wp\/v2\/media\/66202"}],"wp:attachment":[{"href":"https:\/\/imprimeideas.es\/en\/wp-json\/wp\/v2\/media?parent=39971"}],"wp:term":[{"taxonomy":"product_brand","embeddable":true,"href":"https:\/\/imprimeideas.es\/en\/wp-json\/wp\/v2\/product_brand?post=39971"},{"taxonomy":"product_cat","embeddable":true,"href":"https:\/\/imprimeideas.es\/en\/wp-json\/wp\/v2\/product_cat?post=39971"},{"taxonomy":"product_tag","embeddable":true,"href":"https:\/\/imprimeideas.es\/en\/wp-json\/wp\/v2\/product_tag?post=39971"}],"curies":[{"name":"wp","href":"https:\/\/api.w.org\/{rel}","templated":true}]}}