{"id":39965,"date":"2026-02-24T11:21:09","date_gmt":"2026-02-24T10:21:09","guid":{"rendered":"https:\/\/imprimeideas.es\/?post_type=product&p=39965"},"modified":"2026-02-26T18:27:52","modified_gmt":"2026-02-26T17:27:52","slug":"baston-caterpil","status":"publish","type":"product","link":"https:\/\/imprimeideas.es\/en\/product\/baston-caterpil\/","title":{"rendered":"Bast\u00f3n Caterpil"},"content":{"rendered":"<p>Bast\u00f3n deportivo plegable y telesc\u00f3pico. Fabricado en resistente aluminio, con confortable mango ergon\u00f3mico en corcho natural y accesorio de espuma para descansar las manos. Mecanismo de amortiguaci\u00f3n, con refuerzo antideslizante en el extremo en contacto con el suelo y cinta de seguridad ajustable. Regulable en altura, incluye accesorio para nieve y viene presentado en funda de transporte en color natural, con cinta para hombro para f\u00e1cil transporte y cierre en color negro.<\/p>","protected":false},"excerpt":{"rendered":"<p>Plegable. Altura Regulable. Antishock. Accesorio para Nieve. Funda Non-Woven<\/p>","protected":false},"featured_media":66666,"comment_status":"open","ping_status":"open","template":"","meta":{"inline_featured_image":false},"product_brand":[],"product_cat":[122,102],"product_tag":[],"class_list":{"0":"post-39965","1":"product","2":"type-product","3":"status-publish","4":"has-post-thumbnail","6":"product_cat-articulos-sostenibles","7":"product_cat-ocio-y-tiempo-libre","9":"first","10":"instock","11":"taxable","12":"shipping-taxable","13":"purchasable","14":"product-type-variable","15":"has-default-attributes"},"aioseo_notices":[],"_links":{"self":[{"href":"https:\/\/imprimeideas.es\/en\/wp-json\/wp\/v2\/product\/39965","targetHints":{"allow":["GET"]}}],"collection":[{"href":"https:\/\/imprimeideas.es\/en\/wp-json\/wp\/v2\/product"}],"about":[{"href":"https:\/\/imprimeideas.es\/en\/wp-json\/wp\/v2\/types\/product"}],"replies":[{"embeddable":true,"href":"https:\/\/imprimeideas.es\/en\/wp-json\/wp\/v2\/comments?post=39965"}],"version-history":[{"count":1,"href":"https:\/\/imprimeideas.es\/en\/wp-json\/wp\/v2\/product\/39965\/revisions"}],"predecessor-version":[{"id":54344,"href":"https:\/\/imprimeideas.es\/en\/wp-json\/wp\/v2\/product\/39965\/revisions\/54344"}],"wp:featuredmedia":[{"embeddable":true,"href":"https:\/\/imprimeideas.es\/en\/wp-json\/wp\/v2\/media\/66666"}],"wp:attachment":[{"href":"https:\/\/imprimeideas.es\/en\/wp-json\/wp\/v2\/media?parent=39965"}],"wp:term":[{"taxonomy":"product_brand","embeddable":true,"href":"https:\/\/imprimeideas.es\/en\/wp-json\/wp\/v2\/product_brand?post=39965"},{"taxonomy":"product_cat","embeddable":true,"href":"https:\/\/imprimeideas.es\/en\/wp-json\/wp\/v2\/product_cat?post=39965"},{"taxonomy":"product_tag","embeddable":true,"href":"https:\/\/imprimeideas.es\/en\/wp-json\/wp\/v2\/product_tag?post=39965"}],"curies":[{"name":"wp","href":"https:\/\/api.w.org\/{rel}","templated":true}]}}