{"id":39963,"date":"2026-02-24T11:21:09","date_gmt":"2026-02-24T10:21:09","guid":{"rendered":"https:\/\/imprimeideas.es\/?post_type=product&p=39963"},"modified":"2026-02-26T18:13:44","modified_gmt":"2026-02-26T17:13:44","slug":"iman-kibly","status":"publish","type":"product","link":"https:\/\/imprimeideas.es\/en\/product\/iman-kibly\/","title":{"rendered":"Im\u00e1n Kibly"},"content":{"rendered":"<p>Im\u00e1n para notas de l\u00ednea nature. Fabricado en resistente papel reciclado, incluye minil\u00e1piz de madera y bloc de notas con 40 hojas lisas en color crema.<\/p>","protected":false},"excerpt":{"rendered":"<p>Bloc 40 Hojas. L\u00e1piz Incluido<\/p>","protected":false},"featured_media":81564,"comment_status":"open","ping_status":"open","template":"","meta":{"inline_featured_image":false},"product_brand":[],"product_cat":[122,104],"product_tag":[],"class_list":{"0":"post-39963","1":"product","2":"type-product","3":"status-publish","4":"has-post-thumbnail","6":"product_cat-articulos-sostenibles","7":"product_cat-hogar-y-decoracion","9":"first","10":"instock","11":"taxable","12":"shipping-taxable","13":"purchasable","14":"product-type-variable","15":"has-default-attributes"},"aioseo_notices":[],"_links":{"self":[{"href":"https:\/\/imprimeideas.es\/en\/wp-json\/wp\/v2\/product\/39963","targetHints":{"allow":["GET"]}}],"collection":[{"href":"https:\/\/imprimeideas.es\/en\/wp-json\/wp\/v2\/product"}],"about":[{"href":"https:\/\/imprimeideas.es\/en\/wp-json\/wp\/v2\/types\/product"}],"replies":[{"embeddable":true,"href":"https:\/\/imprimeideas.es\/en\/wp-json\/wp\/v2\/comments?post=39963"}],"version-history":[{"count":1,"href":"https:\/\/imprimeideas.es\/en\/wp-json\/wp\/v2\/product\/39963\/revisions"}],"predecessor-version":[{"id":54343,"href":"https:\/\/imprimeideas.es\/en\/wp-json\/wp\/v2\/product\/39963\/revisions\/54343"}],"wp:featuredmedia":[{"embeddable":true,"href":"https:\/\/imprimeideas.es\/en\/wp-json\/wp\/v2\/media\/81564"}],"wp:attachment":[{"href":"https:\/\/imprimeideas.es\/en\/wp-json\/wp\/v2\/media?parent=39963"}],"wp:term":[{"taxonomy":"product_brand","embeddable":true,"href":"https:\/\/imprimeideas.es\/en\/wp-json\/wp\/v2\/product_brand?post=39963"},{"taxonomy":"product_cat","embeddable":true,"href":"https:\/\/imprimeideas.es\/en\/wp-json\/wp\/v2\/product_cat?post=39963"},{"taxonomy":"product_tag","embeddable":true,"href":"https:\/\/imprimeideas.es\/en\/wp-json\/wp\/v2\/product_tag?post=39963"}],"curies":[{"name":"wp","href":"https:\/\/api.w.org\/{rel}","templated":true}]}}