{"id":39958,"date":"2026-02-24T11:21:09","date_gmt":"2026-02-24T10:21:09","guid":{"rendered":"https:\/\/imprimeideas.es\/?post_type=product&p=39958"},"modified":"2026-02-26T18:19:32","modified_gmt":"2026-02-26T17:19:32","slug":"set-tarros-gaby","status":"publish","type":"product","link":"https:\/\/imprimeideas.es\/en\/product\/set-tarros-gaby\/","title":{"rendered":"Set Tarros Gaby"},"content":{"rendered":"<p>Set de 3 Tarros de Cristal con 230 ml de capacidad. Complementos vers\u00e1tiles para organizar tu casa, cocina, despensa? seg\u00fan tus gustos y necesidades. Fabricados en cristal, y con cierres a presi\u00f3n de acero inoxidable, una combinaci\u00f3n de materiales que ofrecen gran resistencia y durabilidad. Presentados en bandeja de madera y en caja individual de dise\u00f1o eco.<\/p>","protected":false},"excerpt":{"rendered":"<p>3 Piezas. 230 ml<\/p>","protected":false},"featured_media":40466,"comment_status":"open","ping_status":"open","template":"","meta":{"inline_featured_image":false},"product_brand":[],"product_cat":[122,104],"product_tag":[],"class_list":{"0":"post-39958","1":"product","2":"type-product","3":"status-publish","4":"has-post-thumbnail","6":"product_cat-articulos-sostenibles","7":"product_cat-hogar-y-decoracion","9":"first","10":"outofstock","11":"taxable","12":"shipping-taxable","13":"purchasable","14":"product-type-variable","15":"has-default-attributes"},"aioseo_notices":[],"_links":{"self":[{"href":"https:\/\/imprimeideas.es\/en\/wp-json\/wp\/v2\/product\/39958","targetHints":{"allow":["GET"]}}],"collection":[{"href":"https:\/\/imprimeideas.es\/en\/wp-json\/wp\/v2\/product"}],"about":[{"href":"https:\/\/imprimeideas.es\/en\/wp-json\/wp\/v2\/types\/product"}],"replies":[{"embeddable":true,"href":"https:\/\/imprimeideas.es\/en\/wp-json\/wp\/v2\/comments?post=39958"}],"version-history":[{"count":1,"href":"https:\/\/imprimeideas.es\/en\/wp-json\/wp\/v2\/product\/39958\/revisions"}],"predecessor-version":[{"id":54334,"href":"https:\/\/imprimeideas.es\/en\/wp-json\/wp\/v2\/product\/39958\/revisions\/54334"}],"wp:featuredmedia":[{"embeddable":true,"href":"https:\/\/imprimeideas.es\/en\/wp-json\/wp\/v2\/media\/40466"}],"wp:attachment":[{"href":"https:\/\/imprimeideas.es\/en\/wp-json\/wp\/v2\/media?parent=39958"}],"wp:term":[{"taxonomy":"product_brand","embeddable":true,"href":"https:\/\/imprimeideas.es\/en\/wp-json\/wp\/v2\/product_brand?post=39958"},{"taxonomy":"product_cat","embeddable":true,"href":"https:\/\/imprimeideas.es\/en\/wp-json\/wp\/v2\/product_cat?post=39958"},{"taxonomy":"product_tag","embeddable":true,"href":"https:\/\/imprimeideas.es\/en\/wp-json\/wp\/v2\/product_tag?post=39958"}],"curies":[{"name":"wp","href":"https:\/\/api.w.org\/{rel}","templated":true}]}}