{"id":39955,"date":"2026-02-24T11:21:08","date_gmt":"2026-02-24T10:21:08","guid":{"rendered":"https:\/\/imprimeideas.es\/?post_type=product&p=39955"},"modified":"2026-02-26T18:19:25","modified_gmt":"2026-02-26T17:19:25","slug":"adorno-roman","status":"publish","type":"product","link":"https:\/\/imprimeideas.es\/en\/product\/adorno-roman\/","title":{"rendered":"Adorno Roman"},"content":{"rendered":"<p>Elegante y moderno adorno navide\u00f1o en madera natural. Incluye accesorio para colgar y est\u00e1 disponibles en dos dise\u00f1os: Papa Noel y motivos navide\u00f1os.<\/p>","protected":false},"excerpt":{"rendered":"<p>Elegante y moderno adorno navide\u00f1o en madera natural. Incluye accesorio para colgar y est\u00e1 disponibles en dos dise\u00f1os: Papa Noel<\/p>","protected":false},"featured_media":84202,"comment_status":"open","ping_status":"open","template":"","meta":{"inline_featured_image":false},"product_brand":[],"product_cat":[122,127],"product_tag":[],"class_list":{"0":"post-39955","1":"product","2":"type-product","3":"status-publish","4":"has-post-thumbnail","6":"product_cat-articulos-sostenibles","7":"product_cat-navidad","9":"first","10":"instock","11":"taxable","12":"shipping-taxable","13":"purchasable","14":"product-type-variable","15":"has-default-attributes"},"aioseo_notices":[],"_links":{"self":[{"href":"https:\/\/imprimeideas.es\/en\/wp-json\/wp\/v2\/product\/39955","targetHints":{"allow":["GET"]}}],"collection":[{"href":"https:\/\/imprimeideas.es\/en\/wp-json\/wp\/v2\/product"}],"about":[{"href":"https:\/\/imprimeideas.es\/en\/wp-json\/wp\/v2\/types\/product"}],"replies":[{"embeddable":true,"href":"https:\/\/imprimeideas.es\/en\/wp-json\/wp\/v2\/comments?post=39955"}],"version-history":[{"count":1,"href":"https:\/\/imprimeideas.es\/en\/wp-json\/wp\/v2\/product\/39955\/revisions"}],"predecessor-version":[{"id":54333,"href":"https:\/\/imprimeideas.es\/en\/wp-json\/wp\/v2\/product\/39955\/revisions\/54333"}],"wp:featuredmedia":[{"embeddable":true,"href":"https:\/\/imprimeideas.es\/en\/wp-json\/wp\/v2\/media\/84202"}],"wp:attachment":[{"href":"https:\/\/imprimeideas.es\/en\/wp-json\/wp\/v2\/media?parent=39955"}],"wp:term":[{"taxonomy":"product_brand","embeddable":true,"href":"https:\/\/imprimeideas.es\/en\/wp-json\/wp\/v2\/product_brand?post=39955"},{"taxonomy":"product_cat","embeddable":true,"href":"https:\/\/imprimeideas.es\/en\/wp-json\/wp\/v2\/product_cat?post=39955"},{"taxonomy":"product_tag","embeddable":true,"href":"https:\/\/imprimeideas.es\/en\/wp-json\/wp\/v2\/product_tag?post=39955"}],"curies":[{"name":"wp","href":"https:\/\/api.w.org\/{rel}","templated":true}]}}