{"id":39946,"date":"2026-02-24T11:21:08","date_gmt":"2026-02-24T10:21:08","guid":{"rendered":"https:\/\/imprimeideas.es\/?post_type=product&p=39946"},"modified":"2026-02-26T18:08:16","modified_gmt":"2026-02-26T17:08:16","slug":"taza-verdux","status":"publish","type":"product","link":"https:\/\/imprimeideas.es\/en\/product\/taza-verdux\/","title":{"rendered":"Taza Verdux"},"content":{"rendered":"<p>Taza de cer\u00e1mica con dise\u00f1o navide\u00f1o vintage y 280 ml de capacidad. Con \u00e1rea de marcaje especial en el frontal. Presentada en atractiva caja individual kraft.<\/p>","protected":false},"excerpt":{"rendered":"<p>280 ml<\/p>","protected":false},"featured_media":75378,"comment_status":"open","ping_status":"open","template":"","meta":{"inline_featured_image":false},"product_brand":[],"product_cat":[127,97],"product_tag":[],"class_list":{"0":"post-39946","1":"product","2":"type-product","3":"status-publish","4":"has-post-thumbnail","6":"product_cat-navidad","7":"product_cat-tazas-jarras-y-termos","9":"first","10":"instock","11":"taxable","12":"shipping-taxable","13":"purchasable","14":"product-type-variable","15":"has-default-attributes"},"aioseo_notices":[],"_links":{"self":[{"href":"https:\/\/imprimeideas.es\/en\/wp-json\/wp\/v2\/product\/39946","targetHints":{"allow":["GET"]}}],"collection":[{"href":"https:\/\/imprimeideas.es\/en\/wp-json\/wp\/v2\/product"}],"about":[{"href":"https:\/\/imprimeideas.es\/en\/wp-json\/wp\/v2\/types\/product"}],"replies":[{"embeddable":true,"href":"https:\/\/imprimeideas.es\/en\/wp-json\/wp\/v2\/comments?post=39946"}],"version-history":[{"count":1,"href":"https:\/\/imprimeideas.es\/en\/wp-json\/wp\/v2\/product\/39946\/revisions"}],"predecessor-version":[{"id":54331,"href":"https:\/\/imprimeideas.es\/en\/wp-json\/wp\/v2\/product\/39946\/revisions\/54331"}],"wp:featuredmedia":[{"embeddable":true,"href":"https:\/\/imprimeideas.es\/en\/wp-json\/wp\/v2\/media\/75378"}],"wp:attachment":[{"href":"https:\/\/imprimeideas.es\/en\/wp-json\/wp\/v2\/media?parent=39946"}],"wp:term":[{"taxonomy":"product_brand","embeddable":true,"href":"https:\/\/imprimeideas.es\/en\/wp-json\/wp\/v2\/product_brand?post=39946"},{"taxonomy":"product_cat","embeddable":true,"href":"https:\/\/imprimeideas.es\/en\/wp-json\/wp\/v2\/product_cat?post=39946"},{"taxonomy":"product_tag","embeddable":true,"href":"https:\/\/imprimeideas.es\/en\/wp-json\/wp\/v2\/product_tag?post=39946"}],"curies":[{"name":"wp","href":"https:\/\/api.w.org\/{rel}","templated":true}]}}