{"id":39944,"date":"2026-02-24T11:21:07","date_gmt":"2026-02-24T10:21:07","guid":{"rendered":"https:\/\/imprimeideas.es\/?post_type=product&p=39944"},"modified":"2026-02-26T18:03:03","modified_gmt":"2026-02-26T17:03:03","slug":"iman-larry","status":"publish","type":"product","link":"https:\/\/imprimeideas.es\/en\/product\/iman-larry\/","title":{"rendered":"Im\u00e1n Larry"},"content":{"rendered":"<p>Im\u00e1n con bloc de notas en divertido dise\u00f1o navide\u00f1o de Pap\u00e1 Noel y Reno. Incluye 40 hojas lisas y l\u00e1piz de madera natural.<\/p>","protected":false},"excerpt":{"rendered":"<p>Bloc 40 Hojas. L\u00e1piz Incluido<\/p>","protected":false},"featured_media":70991,"comment_status":"open","ping_status":"open","template":"","meta":{"inline_featured_image":false},"product_brand":[],"product_cat":[127],"product_tag":[],"class_list":{"0":"post-39944","1":"product","2":"type-product","3":"status-publish","4":"has-post-thumbnail","6":"product_cat-navidad","8":"first","9":"instock","10":"taxable","11":"shipping-taxable","12":"purchasable","13":"product-type-variable","14":"has-default-attributes"},"aioseo_notices":[],"_links":{"self":[{"href":"https:\/\/imprimeideas.es\/en\/wp-json\/wp\/v2\/product\/39944","targetHints":{"allow":["GET"]}}],"collection":[{"href":"https:\/\/imprimeideas.es\/en\/wp-json\/wp\/v2\/product"}],"about":[{"href":"https:\/\/imprimeideas.es\/en\/wp-json\/wp\/v2\/types\/product"}],"replies":[{"embeddable":true,"href":"https:\/\/imprimeideas.es\/en\/wp-json\/wp\/v2\/comments?post=39944"}],"version-history":[{"count":1,"href":"https:\/\/imprimeideas.es\/en\/wp-json\/wp\/v2\/product\/39944\/revisions"}],"predecessor-version":[{"id":54330,"href":"https:\/\/imprimeideas.es\/en\/wp-json\/wp\/v2\/product\/39944\/revisions\/54330"}],"wp:featuredmedia":[{"embeddable":true,"href":"https:\/\/imprimeideas.es\/en\/wp-json\/wp\/v2\/media\/70991"}],"wp:attachment":[{"href":"https:\/\/imprimeideas.es\/en\/wp-json\/wp\/v2\/media?parent=39944"}],"wp:term":[{"taxonomy":"product_brand","embeddable":true,"href":"https:\/\/imprimeideas.es\/en\/wp-json\/wp\/v2\/product_brand?post=39944"},{"taxonomy":"product_cat","embeddable":true,"href":"https:\/\/imprimeideas.es\/en\/wp-json\/wp\/v2\/product_cat?post=39944"},{"taxonomy":"product_tag","embeddable":true,"href":"https:\/\/imprimeideas.es\/en\/wp-json\/wp\/v2\/product_tag?post=39944"}],"curies":[{"name":"wp","href":"https:\/\/api.w.org\/{rel}","templated":true}]}}