{"id":39942,"date":"2026-02-24T11:21:07","date_gmt":"2026-02-24T10:21:07","guid":{"rendered":"https:\/\/imprimeideas.es\/?post_type=product&p=39942"},"modified":"2026-02-25T19:56:46","modified_gmt":"2026-02-25T18:56:46","slug":"iman-clemen","status":"publish","type":"product","link":"https:\/\/imprimeideas.es\/en\/product\/iman-clemen\/","title":{"rendered":"Im\u00e1n Clemen"},"content":{"rendered":"<p>Im\u00e1n con bloc de notas en divertido dise\u00f1o de \u00e1rbol navide\u00f1o. Incluye 40 hojas lisas y l\u00e1piz de madera natural.<\/p>","protected":false},"excerpt":{"rendered":"<p>Bloc 40 Hojas. L\u00e1piz Incluido<\/p>","protected":false},"featured_media":75911,"comment_status":"open","ping_status":"open","template":"","meta":{"inline_featured_image":false},"product_brand":[],"product_cat":[127],"product_tag":[],"class_list":{"0":"post-39942","1":"product","2":"type-product","3":"status-publish","4":"has-post-thumbnail","6":"product_cat-navidad","8":"first","9":"outofstock","10":"taxable","11":"shipping-taxable","12":"purchasable","13":"product-type-variable","14":"has-default-attributes"},"aioseo_notices":[],"_links":{"self":[{"href":"https:\/\/imprimeideas.es\/en\/wp-json\/wp\/v2\/product\/39942","targetHints":{"allow":["GET"]}}],"collection":[{"href":"https:\/\/imprimeideas.es\/en\/wp-json\/wp\/v2\/product"}],"about":[{"href":"https:\/\/imprimeideas.es\/en\/wp-json\/wp\/v2\/types\/product"}],"replies":[{"embeddable":true,"href":"https:\/\/imprimeideas.es\/en\/wp-json\/wp\/v2\/comments?post=39942"}],"version-history":[{"count":1,"href":"https:\/\/imprimeideas.es\/en\/wp-json\/wp\/v2\/product\/39942\/revisions"}],"predecessor-version":[{"id":54329,"href":"https:\/\/imprimeideas.es\/en\/wp-json\/wp\/v2\/product\/39942\/revisions\/54329"}],"wp:featuredmedia":[{"embeddable":true,"href":"https:\/\/imprimeideas.es\/en\/wp-json\/wp\/v2\/media\/75911"}],"wp:attachment":[{"href":"https:\/\/imprimeideas.es\/en\/wp-json\/wp\/v2\/media?parent=39942"}],"wp:term":[{"taxonomy":"product_brand","embeddable":true,"href":"https:\/\/imprimeideas.es\/en\/wp-json\/wp\/v2\/product_brand?post=39942"},{"taxonomy":"product_cat","embeddable":true,"href":"https:\/\/imprimeideas.es\/en\/wp-json\/wp\/v2\/product_cat?post=39942"},{"taxonomy":"product_tag","embeddable":true,"href":"https:\/\/imprimeideas.es\/en\/wp-json\/wp\/v2\/product_tag?post=39942"}],"curies":[{"name":"wp","href":"https:\/\/api.w.org\/{rel}","templated":true}]}}