{"id":39940,"date":"2026-02-24T11:21:07","date_gmt":"2026-02-24T10:21:07","guid":{"rendered":"https:\/\/imprimeideas.es\/?post_type=product&p=39940"},"modified":"2026-02-26T18:37:39","modified_gmt":"2026-02-26T17:37:39","slug":"alfombrilla-organizador-luan","status":"publish","type":"product","link":"https:\/\/imprimeideas.es\/en\/product\/alfombrilla-organizador-luan\/","title":{"rendered":"Alfombrilla Organizador Luan"},"content":{"rendered":"<p>Alfombrilla organizador multifuncional de l\u00ednea nature. Est\u00e1 fabricada en bamb\u00fa y corcho natural, ayudando a la sostenibilidad del planeta. Incluye soportes para ordenador port\u00e1til, tablets y dem\u00e1s dispositivos m\u00f3viles. Con alfombrilla para rat\u00f3n integrada y de suave tacto. Adem\u00e1s, incorpora acolchado para las rodillas, facilitando su uso durante largos periodos de manera confortable. Incluye pr\u00e1ctica asa de transporte.<\/p>","protected":false},"excerpt":{"rendered":"<p>Antideslizante<\/p>","protected":false},"featured_media":75008,"comment_status":"open","ping_status":"open","template":"","meta":{"inline_featured_image":false},"product_brand":[],"product_cat":[122,104,95],"product_tag":[],"class_list":{"0":"post-39940","1":"product","2":"type-product","3":"status-publish","4":"has-post-thumbnail","6":"product_cat-articulos-sostenibles","7":"product_cat-hogar-y-decoracion","8":"product_cat-tecnologia-y-accesorios","10":"first","11":"outofstock","12":"taxable","13":"shipping-taxable","14":"purchasable","15":"product-type-variable","16":"has-default-attributes"},"aioseo_notices":[],"_links":{"self":[{"href":"https:\/\/imprimeideas.es\/en\/wp-json\/wp\/v2\/product\/39940","targetHints":{"allow":["GET"]}}],"collection":[{"href":"https:\/\/imprimeideas.es\/en\/wp-json\/wp\/v2\/product"}],"about":[{"href":"https:\/\/imprimeideas.es\/en\/wp-json\/wp\/v2\/types\/product"}],"replies":[{"embeddable":true,"href":"https:\/\/imprimeideas.es\/en\/wp-json\/wp\/v2\/comments?post=39940"}],"version-history":[{"count":1,"href":"https:\/\/imprimeideas.es\/en\/wp-json\/wp\/v2\/product\/39940\/revisions"}],"predecessor-version":[{"id":54328,"href":"https:\/\/imprimeideas.es\/en\/wp-json\/wp\/v2\/product\/39940\/revisions\/54328"}],"wp:featuredmedia":[{"embeddable":true,"href":"https:\/\/imprimeideas.es\/en\/wp-json\/wp\/v2\/media\/75008"}],"wp:attachment":[{"href":"https:\/\/imprimeideas.es\/en\/wp-json\/wp\/v2\/media?parent=39940"}],"wp:term":[{"taxonomy":"product_brand","embeddable":true,"href":"https:\/\/imprimeideas.es\/en\/wp-json\/wp\/v2\/product_brand?post=39940"},{"taxonomy":"product_cat","embeddable":true,"href":"https:\/\/imprimeideas.es\/en\/wp-json\/wp\/v2\/product_cat?post=39940"},{"taxonomy":"product_tag","embeddable":true,"href":"https:\/\/imprimeideas.es\/en\/wp-json\/wp\/v2\/product_tag?post=39940"}],"curies":[{"name":"wp","href":"https:\/\/api.w.org\/{rel}","templated":true}]}}