{"id":39927,"date":"2026-02-24T11:21:06","date_gmt":"2026-02-24T10:21:06","guid":{"rendered":"https:\/\/imprimeideas.es\/?post_type=product&p=39927"},"modified":"2026-02-25T19:52:17","modified_gmt":"2026-02-25T18:52:17","slug":"vela-aromatica-windu","status":"publish","type":"product","link":"https:\/\/imprimeideas.es\/en\/product\/vela-aromatica-windu\/","title":{"rendered":"Vela Arom\u00e1tica Windu"},"content":{"rendered":"<p>Vela arom\u00e1tica Limited Edition. Envolverse en la sensaci\u00f3n de encedender una vela y trasladarse a trav\u00e9s de su aroma a vainilla y dise\u00f1o de bola del mundo. Un regalo ideal para crear ambientes de calma, despertar infinidad de sentimientos y sensaciones o formar parte de la decoraci\u00f3n. Incluye base de soporte en bamb\u00fa natural. De la perfecta combinaci\u00f3n entre exclusividad y dise\u00f1o, nace Limited Edition, una colecci\u00f3n especial de ideas promocionales de edidici\u00f3n limitada. Un nuevo concepto, inspirado en la fusi\u00f3n de art\u00edculos premium con las \u00faltimas y m\u00e1s novedosas tendencias y que cuenta con una seleci\u00f3n limitada de unidades, convirtiendo as\u00ed un regalo en una experiencia \u00fanica e inolvidable. Exclusivo estuche de presentaci\u00f3n Limited Edition,?, con dise\u00f1o protegido por derechos de propiedad industrial. Incluida tarjeta con descripci\u00f3n de Limited Edition en cart\u00f3n reciclado.<\/p>","protected":false},"excerpt":{"rendered":"<p>Aroma Vainilla<\/p>","protected":false},"featured_media":65967,"comment_status":"open","ping_status":"open","template":"","meta":{"inline_featured_image":false},"product_brand":[],"product_cat":[122,120],"product_tag":[],"class_list":{"0":"post-39927","1":"product","2":"type-product","3":"status-publish","4":"has-post-thumbnail","6":"product_cat-articulos-sostenibles","7":"product_cat-limited-edition","9":"first","10":"outofstock","11":"taxable","12":"shipping-taxable","13":"purchasable","14":"product-type-variable","15":"has-default-attributes"},"aioseo_notices":[],"_links":{"self":[{"href":"https:\/\/imprimeideas.es\/en\/wp-json\/wp\/v2\/product\/39927","targetHints":{"allow":["GET"]}}],"collection":[{"href":"https:\/\/imprimeideas.es\/en\/wp-json\/wp\/v2\/product"}],"about":[{"href":"https:\/\/imprimeideas.es\/en\/wp-json\/wp\/v2\/types\/product"}],"replies":[{"embeddable":true,"href":"https:\/\/imprimeideas.es\/en\/wp-json\/wp\/v2\/comments?post=39927"}],"version-history":[{"count":1,"href":"https:\/\/imprimeideas.es\/en\/wp-json\/wp\/v2\/product\/39927\/revisions"}],"predecessor-version":[{"id":54320,"href":"https:\/\/imprimeideas.es\/en\/wp-json\/wp\/v2\/product\/39927\/revisions\/54320"}],"wp:featuredmedia":[{"embeddable":true,"href":"https:\/\/imprimeideas.es\/en\/wp-json\/wp\/v2\/media\/65967"}],"wp:attachment":[{"href":"https:\/\/imprimeideas.es\/en\/wp-json\/wp\/v2\/media?parent=39927"}],"wp:term":[{"taxonomy":"product_brand","embeddable":true,"href":"https:\/\/imprimeideas.es\/en\/wp-json\/wp\/v2\/product_brand?post=39927"},{"taxonomy":"product_cat","embeddable":true,"href":"https:\/\/imprimeideas.es\/en\/wp-json\/wp\/v2\/product_cat?post=39927"},{"taxonomy":"product_tag","embeddable":true,"href":"https:\/\/imprimeideas.es\/en\/wp-json\/wp\/v2\/product_tag?post=39927"}],"curies":[{"name":"wp","href":"https:\/\/api.w.org\/{rel}","templated":true}]}}