{"id":39923,"date":"2026-02-24T11:21:05","date_gmt":"2026-02-24T10:21:05","guid":{"rendered":"https:\/\/imprimeideas.es\/?post_type=product&p=39923"},"modified":"2026-02-26T18:27:53","modified_gmt":"2026-02-26T17:27:53","slug":"soporte-cargador-yango","status":"publish","type":"product","link":"https:\/\/imprimeideas.es\/en\/product\/soporte-cargador-yango\/","title":{"rendered":"Soporte Cargador Yango"},"content":{"rendered":"<p>Soporte Cargador Inal\u00e1mbrico de Coche Limited Edition. Un estilo innovador, donde sostenibilidad, dise\u00f1o y \u00faltima tecnolog\u00eda se combinan en una calidad premium. Fabricado en bamb\u00fa y carcasa en resistente ABS y ca\u00f1a de trigo, para as\u00ed fomentar la utilizaci\u00f3n de materias primas naturales y reducir las emisiones contaminantes. Con cargador inal\u00e1mbrico de 15W. Compatible con dispositivos m\u00f3viles de carga inal\u00e1mbrica, con cable cargador USB C de 100 cm y manual de instrucciones en Espa\u00f1ol e Ingl\u00e9s incluidos. De la perfecta combinaci\u00f3n entre exclusividad y dise\u00f1o, nace Limited Edition, una colecci\u00f3n especial de ideas promocionales de edidici\u00f3n limitada. Un nuevo concepto, inspirado en la fusi\u00f3n de art\u00edculos premium con las \u00faltimas y m\u00e1s novedosas tendencias y que cuenta con una seleci\u00f3n limitada de unidades, convirtiendo as\u00ed un regalo en una experiencia \u00fanica e inolvidable. Exclusivo estuche de presentaci\u00f3n Limited Edition, con dise\u00f1o protegido por derechos de propiedad industrial. Incluida tarjeta con descripci\u00f3n de Limited Edition en cart\u00f3n reciclado.<\/p>","protected":false},"excerpt":{"rendered":"<p>Inal\u00e1mbrico 15W. Ajustable<\/p>","protected":false},"featured_media":40338,"comment_status":"open","ping_status":"open","template":"","meta":{"inline_featured_image":false},"product_brand":[],"product_cat":[122,120],"product_tag":[],"class_list":{"0":"post-39923","1":"product","2":"type-product","3":"status-publish","4":"has-post-thumbnail","6":"product_cat-articulos-sostenibles","7":"product_cat-limited-edition","9":"first","10":"instock","11":"taxable","12":"shipping-taxable","13":"purchasable","14":"product-type-variable","15":"has-default-attributes"},"aioseo_notices":[],"_links":{"self":[{"href":"https:\/\/imprimeideas.es\/en\/wp-json\/wp\/v2\/product\/39923","targetHints":{"allow":["GET"]}}],"collection":[{"href":"https:\/\/imprimeideas.es\/en\/wp-json\/wp\/v2\/product"}],"about":[{"href":"https:\/\/imprimeideas.es\/en\/wp-json\/wp\/v2\/types\/product"}],"replies":[{"embeddable":true,"href":"https:\/\/imprimeideas.es\/en\/wp-json\/wp\/v2\/comments?post=39923"}],"version-history":[{"count":1,"href":"https:\/\/imprimeideas.es\/en\/wp-json\/wp\/v2\/product\/39923\/revisions"}],"predecessor-version":[{"id":54318,"href":"https:\/\/imprimeideas.es\/en\/wp-json\/wp\/v2\/product\/39923\/revisions\/54318"}],"wp:featuredmedia":[{"embeddable":true,"href":"https:\/\/imprimeideas.es\/en\/wp-json\/wp\/v2\/media\/40338"}],"wp:attachment":[{"href":"https:\/\/imprimeideas.es\/en\/wp-json\/wp\/v2\/media?parent=39923"}],"wp:term":[{"taxonomy":"product_brand","embeddable":true,"href":"https:\/\/imprimeideas.es\/en\/wp-json\/wp\/v2\/product_brand?post=39923"},{"taxonomy":"product_cat","embeddable":true,"href":"https:\/\/imprimeideas.es\/en\/wp-json\/wp\/v2\/product_cat?post=39923"},{"taxonomy":"product_tag","embeddable":true,"href":"https:\/\/imprimeideas.es\/en\/wp-json\/wp\/v2\/product_tag?post=39923"}],"curies":[{"name":"wp","href":"https:\/\/api.w.org\/{rel}","templated":true}]}}