{"id":39921,"date":"2026-02-24T11:21:05","date_gmt":"2026-02-24T10:21:05","guid":{"rendered":"https:\/\/imprimeideas.es\/?post_type=product&p=39921"},"modified":"2026-02-26T18:23:15","modified_gmt":"2026-02-26T17:23:15","slug":"lampara-multifuncion-lars","status":"publish","type":"product","link":"https:\/\/imprimeideas.es\/en\/product\/lampara-multifuncion-lars\/","title":{"rendered":"L\u00e1mpara Multifunci\u00f3n Lars"},"content":{"rendered":"<p>L\u00e1mpara Multifunci\u00f3n Limited Edition con funci\u00f3n cargador y altavoz. Un moderno y sostenible dise\u00f1o de calidad premium fabricado en bamb\u00fa. Con cargador inal\u00e1mbrico de 10W y altavoz Bluetooth de 3W de potencia integrados. L\u00e1mpara con 14 LEDES, 3 tipos de luz (c\u00e1lida, natural y fr\u00eda) e intensidad regulable. Ajustable en posici\u00f3n y altura. Compatible con dispositivos m\u00f3viles de carga inal\u00e1mbrica, con cable cargador micro USB de 100cm. Disponible manual de instrucciones en Espa\u00f1ol e Ingl\u00e9s. De la perfecta combinaci\u00f3n entre exclusividad y dise\u00f1o, nace Limited Edition, una colecci\u00f3n especial de ideas promocionales de edidici\u00f3n limitada. Un nuevo concepto, inspirado en la fusi\u00f3n de art\u00edculos premium con las \u00faltimas y m\u00e1s novedosas tendencias y que cuenta con una seleci\u00f3n limitada de unidades, convirtiendo as\u00ed un regalo en una experiencia \u00fanica e inolvidable. Exclusivo estuche de presentaci\u00f3n Limited Edition, con dise\u00f1o protegido por derechos de propiedad industrial. Incluida tarjeta con descripci\u00f3n de Limited Edition en cart\u00f3n reciclado.<\/p>","protected":false},"excerpt":{"rendered":"<p>Flexible. 3 Posiciones de Luz. Intensidad de Luz Regulable. Altavoz Conexi\u00f3n Bluetooth. Potencia Sonido 3W. Cargador Inal\u00e1mbrico 10W. Conexi\u00f3n USB<\/p>","protected":false},"featured_media":75460,"comment_status":"open","ping_status":"open","template":"","meta":{"inline_featured_image":false},"product_brand":[],"product_cat":[122,120],"product_tag":[],"class_list":{"0":"post-39921","1":"product","2":"type-product","3":"status-publish","4":"has-post-thumbnail","6":"product_cat-articulos-sostenibles","7":"product_cat-limited-edition","9":"first","10":"instock","11":"taxable","12":"shipping-taxable","13":"purchasable","14":"product-type-variable","15":"has-default-attributes"},"aioseo_notices":[],"_links":{"self":[{"href":"https:\/\/imprimeideas.es\/en\/wp-json\/wp\/v2\/product\/39921","targetHints":{"allow":["GET"]}}],"collection":[{"href":"https:\/\/imprimeideas.es\/en\/wp-json\/wp\/v2\/product"}],"about":[{"href":"https:\/\/imprimeideas.es\/en\/wp-json\/wp\/v2\/types\/product"}],"replies":[{"embeddable":true,"href":"https:\/\/imprimeideas.es\/en\/wp-json\/wp\/v2\/comments?post=39921"}],"version-history":[{"count":1,"href":"https:\/\/imprimeideas.es\/en\/wp-json\/wp\/v2\/product\/39921\/revisions"}],"predecessor-version":[{"id":54317,"href":"https:\/\/imprimeideas.es\/en\/wp-json\/wp\/v2\/product\/39921\/revisions\/54317"}],"wp:featuredmedia":[{"embeddable":true,"href":"https:\/\/imprimeideas.es\/en\/wp-json\/wp\/v2\/media\/75460"}],"wp:attachment":[{"href":"https:\/\/imprimeideas.es\/en\/wp-json\/wp\/v2\/media?parent=39921"}],"wp:term":[{"taxonomy":"product_brand","embeddable":true,"href":"https:\/\/imprimeideas.es\/en\/wp-json\/wp\/v2\/product_brand?post=39921"},{"taxonomy":"product_cat","embeddable":true,"href":"https:\/\/imprimeideas.es\/en\/wp-json\/wp\/v2\/product_cat?post=39921"},{"taxonomy":"product_tag","embeddable":true,"href":"https:\/\/imprimeideas.es\/en\/wp-json\/wp\/v2\/product_tag?post=39921"}],"curies":[{"name":"wp","href":"https:\/\/api.w.org\/{rel}","templated":true}]}}