{"id":39919,"date":"2026-02-24T11:21:05","date_gmt":"2026-02-24T10:21:05","guid":{"rendered":"https:\/\/imprimeideas.es\/?post_type=product&p=39919"},"modified":"2026-02-26T18:08:04","modified_gmt":"2026-02-26T17:08:04","slug":"lampara-cargador-labrum","status":"publish","type":"product","link":"https:\/\/imprimeideas.es\/en\/product\/lampara-cargador-labrum\/","title":{"rendered":"L\u00e1mpara Cargador Labrum"},"content":{"rendered":"<p>L\u00e1mpara cargador de dise\u00f1o eco. Fabricada en bamb\u00fa procedente de cortes naturales y con base antideslizante. Cargador inal\u00e1mbrico 10W integrado. Incluye 52 LEDs y 3 posiciones de iluminaci\u00f3n (c\u00e1lida, fr\u00eda y media), con intensidad de luz regulable. Compatible con dispositivos m\u00f3viles de carga inal\u00e1mbrica y conexi\u00f3n USB. Incluye cable cargador Tipo C y viene presentada en una atractiva caja de dise\u00f1o eco. Disponible manual de instrucciones en espa\u00f1ol e ingl\u00e9s.<\/p>","protected":false},"excerpt":{"rendered":"<p>52 Ledes. 3 Posiciones de Luz. Intensidad de Luz Regulable. Conexi\u00f3n USB. Inal\u00e1mbrico 10W. Salida USB<\/p>","protected":false},"featured_media":84649,"comment_status":"open","ping_status":"open","template":"","meta":{"inline_featured_image":false},"product_brand":[],"product_cat":[122,95],"product_tag":[],"class_list":{"0":"post-39919","1":"product","2":"type-product","3":"status-publish","4":"has-post-thumbnail","6":"product_cat-articulos-sostenibles","7":"product_cat-tecnologia-y-accesorios","9":"first","10":"outofstock","11":"taxable","12":"shipping-taxable","13":"purchasable","14":"product-type-variable","15":"has-default-attributes"},"aioseo_notices":[],"_links":{"self":[{"href":"https:\/\/imprimeideas.es\/en\/wp-json\/wp\/v2\/product\/39919","targetHints":{"allow":["GET"]}}],"collection":[{"href":"https:\/\/imprimeideas.es\/en\/wp-json\/wp\/v2\/product"}],"about":[{"href":"https:\/\/imprimeideas.es\/en\/wp-json\/wp\/v2\/types\/product"}],"replies":[{"embeddable":true,"href":"https:\/\/imprimeideas.es\/en\/wp-json\/wp\/v2\/comments?post=39919"}],"version-history":[{"count":1,"href":"https:\/\/imprimeideas.es\/en\/wp-json\/wp\/v2\/product\/39919\/revisions"}],"predecessor-version":[{"id":54316,"href":"https:\/\/imprimeideas.es\/en\/wp-json\/wp\/v2\/product\/39919\/revisions\/54316"}],"wp:featuredmedia":[{"embeddable":true,"href":"https:\/\/imprimeideas.es\/en\/wp-json\/wp\/v2\/media\/84649"}],"wp:attachment":[{"href":"https:\/\/imprimeideas.es\/en\/wp-json\/wp\/v2\/media?parent=39919"}],"wp:term":[{"taxonomy":"product_brand","embeddable":true,"href":"https:\/\/imprimeideas.es\/en\/wp-json\/wp\/v2\/product_brand?post=39919"},{"taxonomy":"product_cat","embeddable":true,"href":"https:\/\/imprimeideas.es\/en\/wp-json\/wp\/v2\/product_cat?post=39919"},{"taxonomy":"product_tag","embeddable":true,"href":"https:\/\/imprimeideas.es\/en\/wp-json\/wp\/v2\/product_tag?post=39919"}],"curies":[{"name":"wp","href":"https:\/\/api.w.org\/{rel}","templated":true}]}}