{"id":39912,"date":"2026-02-24T11:21:04","date_gmt":"2026-02-24T10:21:04","guid":{"rendered":"https:\/\/imprimeideas.es\/?post_type=product&p=39912"},"modified":"2026-02-25T19:52:11","modified_gmt":"2026-02-25T18:52:11","slug":"set-coctel-bespin","status":"publish","type":"product","link":"https:\/\/imprimeideas.es\/en\/product\/set-coctel-bespin\/","title":{"rendered":"Set C\u00f3ctel Bespin"},"content":{"rendered":"<p>Elegante Set de C\u00f3ctel Limited Edition. Un sorprendente set que combina conceptos modernos a la par que tradicionales. Incluye todos los utensilios esenciales para configurar los mejores c\u00f3cteles en acero inoxidable. Presentado en distinguida caja de madera de acado r\u00fastico ideal para almacenar y presentar: Accesorios incluidos: &#8211; 1 coctelera &#8211; 1 mortero &#8211; 1 vaso medidor de 15\/30ml &#8211; 1 vaso medidor de 25\/50ml &#8211; 1 pinza para hielo &#8211; 1 filtro &#8211; 1 abridor\/sacacorchos &#8211; 1 cucharilla mezcladora &#8211; 2 tapones dosificadores De la perfecta combinaci\u00f3n entre exclusividad y dise\u00f1o, nace Limited Edition, una colecci\u00f3n especial de ideas promocionales de edidici\u00f3n limitada. Un nuevo concepto, inspirado en la fusi\u00f3n de art\u00edculos premium con las \u00faltimas y m\u00e1s novedosas tendencias y que cuenta con una seleci\u00f3n limitada de unidades, convirtiendo as\u00ed un regalo en una experiencia \u00fanica e inolvidable. Exclusivo estuche de presentaci\u00f3n Limited Edition, con dise\u00f1o protegido por derechos de propiedad industrial. Incluida tarjeta con descripci\u00f3n de Limited Edition en cart\u00f3n reciclado.<\/p>","protected":false},"excerpt":{"rendered":"<p>Coctelera 550 ml. 10 Accesorios<\/p>","protected":false},"featured_media":68830,"comment_status":"open","ping_status":"open","template":"","meta":{"inline_featured_image":false},"product_brand":[],"product_cat":[120],"product_tag":[],"class_list":{"0":"post-39912","1":"product","2":"type-product","3":"status-publish","4":"has-post-thumbnail","6":"product_cat-limited-edition","8":"first","9":"outofstock","10":"taxable","11":"shipping-taxable","12":"purchasable","13":"product-type-variable","14":"has-default-attributes"},"aioseo_notices":[],"_links":{"self":[{"href":"https:\/\/imprimeideas.es\/en\/wp-json\/wp\/v2\/product\/39912","targetHints":{"allow":["GET"]}}],"collection":[{"href":"https:\/\/imprimeideas.es\/en\/wp-json\/wp\/v2\/product"}],"about":[{"href":"https:\/\/imprimeideas.es\/en\/wp-json\/wp\/v2\/types\/product"}],"replies":[{"embeddable":true,"href":"https:\/\/imprimeideas.es\/en\/wp-json\/wp\/v2\/comments?post=39912"}],"version-history":[{"count":1,"href":"https:\/\/imprimeideas.es\/en\/wp-json\/wp\/v2\/product\/39912\/revisions"}],"predecessor-version":[{"id":54313,"href":"https:\/\/imprimeideas.es\/en\/wp-json\/wp\/v2\/product\/39912\/revisions\/54313"}],"wp:featuredmedia":[{"embeddable":true,"href":"https:\/\/imprimeideas.es\/en\/wp-json\/wp\/v2\/media\/68830"}],"wp:attachment":[{"href":"https:\/\/imprimeideas.es\/en\/wp-json\/wp\/v2\/media?parent=39912"}],"wp:term":[{"taxonomy":"product_brand","embeddable":true,"href":"https:\/\/imprimeideas.es\/en\/wp-json\/wp\/v2\/product_brand?post=39912"},{"taxonomy":"product_cat","embeddable":true,"href":"https:\/\/imprimeideas.es\/en\/wp-json\/wp\/v2\/product_cat?post=39912"},{"taxonomy":"product_tag","embeddable":true,"href":"https:\/\/imprimeideas.es\/en\/wp-json\/wp\/v2\/product_tag?post=39912"}],"curies":[{"name":"wp","href":"https:\/\/api.w.org\/{rel}","templated":true}]}}