{"id":39908,"date":"2026-02-24T11:21:04","date_gmt":"2026-02-24T10:21:04","guid":{"rendered":"https:\/\/imprimeideas.es\/?post_type=product&p=39908"},"modified":"2026-02-25T20:01:59","modified_gmt":"2026-02-25T19:01:59","slug":"bolso-dufress","status":"publish","type":"product","link":"https:\/\/imprimeideas.es\/en\/product\/bolso-dufress\/","title":{"rendered":"Bolso Dufress"},"content":{"rendered":"<p>Bolso de la m\u00e1s alta gama de Limited Edition. Combina perfectamente est\u00e9tica y funcionalidad. Su elegante a la par que moderno exterior incluye compartimento principal con cierre de cremallera invisible y doble tirador y resistentes asas de nylon con rerfuerzos. Con cinta bandolera ajustable. Fabricado cumpliendo los est\u00e1ndares de calidad m\u00e1s premium, en resistente material texturizado de superficie infinita 600D\/PVC, forrada en su interior en suave tejido efecto nylon. De la perfecta combinaci\u00f3n entre exclusividad y dise\u00f1o, nace Limited Edition, una colecci\u00f3n especial de ideas promocionales de edidici\u00f3n limitada. Un nuevo concepto, inspirado en la fusi\u00f3n de art\u00edculos premium con las \u00faltimas y m\u00e1s novedosas tendencias y que cuenta con una seleci\u00f3n limitada de unidades, convirtiendo as\u00ed un regalo en una experiencia \u00fanica e inolvidable. Exclusivo estuche de presentaci\u00f3n Limited Edition, con dise\u00f1o protegido por derechos de propiedad industrial. Incluida tarjeta con descripci\u00f3n de Limited Edition en cart\u00f3n reciclado.<\/p>","protected":false},"excerpt":{"rendered":"<p>Acolchado<\/p>","protected":false},"featured_media":61685,"comment_status":"open","ping_status":"open","template":"","meta":{"inline_featured_image":false},"product_brand":[],"product_cat":[120],"product_tag":[],"class_list":{"0":"post-39908","1":"product","2":"type-product","3":"status-publish","4":"has-post-thumbnail","6":"product_cat-limited-edition","8":"first","9":"outofstock","10":"taxable","11":"shipping-taxable","12":"purchasable","13":"product-type-variable","14":"has-default-attributes"},"aioseo_notices":[],"_links":{"self":[{"href":"https:\/\/imprimeideas.es\/en\/wp-json\/wp\/v2\/product\/39908","targetHints":{"allow":["GET"]}}],"collection":[{"href":"https:\/\/imprimeideas.es\/en\/wp-json\/wp\/v2\/product"}],"about":[{"href":"https:\/\/imprimeideas.es\/en\/wp-json\/wp\/v2\/types\/product"}],"replies":[{"embeddable":true,"href":"https:\/\/imprimeideas.es\/en\/wp-json\/wp\/v2\/comments?post=39908"}],"version-history":[{"count":1,"href":"https:\/\/imprimeideas.es\/en\/wp-json\/wp\/v2\/product\/39908\/revisions"}],"predecessor-version":[{"id":54311,"href":"https:\/\/imprimeideas.es\/en\/wp-json\/wp\/v2\/product\/39908\/revisions\/54311"}],"wp:featuredmedia":[{"embeddable":true,"href":"https:\/\/imprimeideas.es\/en\/wp-json\/wp\/v2\/media\/61685"}],"wp:attachment":[{"href":"https:\/\/imprimeideas.es\/en\/wp-json\/wp\/v2\/media?parent=39908"}],"wp:term":[{"taxonomy":"product_brand","embeddable":true,"href":"https:\/\/imprimeideas.es\/en\/wp-json\/wp\/v2\/product_brand?post=39908"},{"taxonomy":"product_cat","embeddable":true,"href":"https:\/\/imprimeideas.es\/en\/wp-json\/wp\/v2\/product_cat?post=39908"},{"taxonomy":"product_tag","embeddable":true,"href":"https:\/\/imprimeideas.es\/en\/wp-json\/wp\/v2\/product_tag?post=39908"}],"curies":[{"name":"wp","href":"https:\/\/api.w.org\/{rel}","templated":true}]}}