{"id":39906,"date":"2026-02-24T11:21:04","date_gmt":"2026-02-24T10:21:04","guid":{"rendered":"https:\/\/imprimeideas.es\/?post_type=product&p=39906"},"modified":"2026-02-26T18:28:08","modified_gmt":"2026-02-26T17:28:08","slug":"mochila-sulust","status":"publish","type":"product","link":"https:\/\/imprimeideas.es\/en\/product\/mochila-sulust\/","title":{"rendered":"Mochila Sulust"},"content":{"rendered":"<p>Mochila de la m\u00e1s alta gama colecci\u00f3n Limited Edition. Un complemento moderno, funcional y de gran belleza que sobrepasa todas las expectativas. Caracterizada por su elegante y minimalista dise\u00f1o as\u00ed como su calidad premium en resistente material texturizado de superficie infinita 600D\/PVC. Cierre de cremallera invisible y bolsillo frontal. Con acolchado ergon\u00f3mico en espalda y cintas de hombros, incluye compartimento interior acolchado para port\u00e1til de hasta 15 pulgadas y multiples compartimentos el\u00e1sticos para una \u00f3ptima organizaci\u00f3n de sus accesorios. De la perfecta combinaci\u00f3n entre exclusividad y dise\u00f1o, nace Limited Edition, una colecci\u00f3n especial de ideas promocionales de edidici\u00f3n limitada. Un nuevo concepto, inspirado en la fusi\u00f3n de art\u00edculos premium con las \u00faltimas y m\u00e1s novedosas tendencias y que cuenta con una seleci\u00f3n limitada de unidades, convirtiendo as\u00ed un regalo en una experiencia \u00fanica e inolvidable. Exclusivo estuche de presentaci\u00f3n Limited Edition, con dise\u00f1o protegido por derechos de propiedad industrial. Incluida tarjeta con descripci\u00f3n de Limited Edition en cart\u00f3n reciclado.<\/p>","protected":false},"excerpt":{"rendered":"<p>Bolsillo Acolchado para Port\u00e1til. Parte Trasera y Cintas Acolchadas<\/p>","protected":false},"featured_media":70604,"comment_status":"open","ping_status":"open","template":"","meta":{"inline_featured_image":false},"product_brand":[],"product_cat":[120,94],"product_tag":[],"class_list":{"0":"post-39906","1":"product","2":"type-product","3":"status-publish","4":"has-post-thumbnail","6":"product_cat-limited-edition","7":"product_cat-mochilas","9":"first","10":"outofstock","11":"taxable","12":"shipping-taxable","13":"purchasable","14":"product-type-variable","15":"has-default-attributes"},"aioseo_notices":[],"_links":{"self":[{"href":"https:\/\/imprimeideas.es\/en\/wp-json\/wp\/v2\/product\/39906","targetHints":{"allow":["GET"]}}],"collection":[{"href":"https:\/\/imprimeideas.es\/en\/wp-json\/wp\/v2\/product"}],"about":[{"href":"https:\/\/imprimeideas.es\/en\/wp-json\/wp\/v2\/types\/product"}],"replies":[{"embeddable":true,"href":"https:\/\/imprimeideas.es\/en\/wp-json\/wp\/v2\/comments?post=39906"}],"version-history":[{"count":1,"href":"https:\/\/imprimeideas.es\/en\/wp-json\/wp\/v2\/product\/39906\/revisions"}],"predecessor-version":[{"id":54310,"href":"https:\/\/imprimeideas.es\/en\/wp-json\/wp\/v2\/product\/39906\/revisions\/54310"}],"wp:featuredmedia":[{"embeddable":true,"href":"https:\/\/imprimeideas.es\/en\/wp-json\/wp\/v2\/media\/70604"}],"wp:attachment":[{"href":"https:\/\/imprimeideas.es\/en\/wp-json\/wp\/v2\/media?parent=39906"}],"wp:term":[{"taxonomy":"product_brand","embeddable":true,"href":"https:\/\/imprimeideas.es\/en\/wp-json\/wp\/v2\/product_brand?post=39906"},{"taxonomy":"product_cat","embeddable":true,"href":"https:\/\/imprimeideas.es\/en\/wp-json\/wp\/v2\/product_cat?post=39906"},{"taxonomy":"product_tag","embeddable":true,"href":"https:\/\/imprimeideas.es\/en\/wp-json\/wp\/v2\/product_tag?post=39906"}],"curies":[{"name":"wp","href":"https:\/\/api.w.org\/{rel}","templated":true}]}}