{"id":39898,"date":"2026-02-24T11:21:03","date_gmt":"2026-02-24T10:21:03","guid":{"rendered":"https:\/\/imprimeideas.es\/?post_type=product&p=39898"},"modified":"2026-02-26T18:19:17","modified_gmt":"2026-02-26T17:19:17","slug":"fiambrera-crisbut","status":"publish","type":"product","link":"https:\/\/imprimeideas.es\/en\/product\/fiambrera-crisbut\/","title":{"rendered":"Fiambrera Crisbut"},"content":{"rendered":"<p>Fiambrera Limited Edition. Un fascinante dise\u00f1o que conjuga dise\u00f1o y sostenibilidad. Conformada por un compartimento principal en cristal de la m\u00e1s alta calidad de 730 ml litro de capacidad, tapa herm\u00e9tica en bamb\u00fa y base en corcho natural. Incluye cinta de seguridad. De la perfecta combinaci\u00f3n entre exclusividad y dise\u00f1o, nace Limited Edition, una colecci\u00f3n especial de ideas promocionales de edidici\u00f3n limitada. Un nuevo concepto, inspirado en la fusi\u00f3n de art\u00edculos premium con las \u00faltimas y m\u00e1s novedosas tendencias y que cuenta con una seleci\u00f3n limitada de unidades, convirtiendo as\u00ed un regalo en una experiencia \u00fanica e inolvidable. Exclusivo estuche de presentaci\u00f3n Limited Edition, con dise\u00f1o protegido por derechos de propiedad industrial. Incluida tarjeta con descripci\u00f3n de Limited Edition en cart\u00f3n reciclado.<\/p>","protected":false},"excerpt":{"rendered":"<p>730 ml<\/p>","protected":false},"featured_media":75979,"comment_status":"open","ping_status":"open","template":"","meta":{"inline_featured_image":false},"product_brand":[],"product_cat":[122,120],"product_tag":[],"class_list":{"0":"post-39898","1":"product","2":"type-product","3":"status-publish","4":"has-post-thumbnail","6":"product_cat-articulos-sostenibles","7":"product_cat-limited-edition","9":"first","10":"instock","11":"taxable","12":"shipping-taxable","13":"purchasable","14":"product-type-variable","15":"has-default-attributes"},"aioseo_notices":[],"_links":{"self":[{"href":"https:\/\/imprimeideas.es\/en\/wp-json\/wp\/v2\/product\/39898","targetHints":{"allow":["GET"]}}],"collection":[{"href":"https:\/\/imprimeideas.es\/en\/wp-json\/wp\/v2\/product"}],"about":[{"href":"https:\/\/imprimeideas.es\/en\/wp-json\/wp\/v2\/types\/product"}],"replies":[{"embeddable":true,"href":"https:\/\/imprimeideas.es\/en\/wp-json\/wp\/v2\/comments?post=39898"}],"version-history":[{"count":1,"href":"https:\/\/imprimeideas.es\/en\/wp-json\/wp\/v2\/product\/39898\/revisions"}],"predecessor-version":[{"id":54303,"href":"https:\/\/imprimeideas.es\/en\/wp-json\/wp\/v2\/product\/39898\/revisions\/54303"}],"wp:featuredmedia":[{"embeddable":true,"href":"https:\/\/imprimeideas.es\/en\/wp-json\/wp\/v2\/media\/75979"}],"wp:attachment":[{"href":"https:\/\/imprimeideas.es\/en\/wp-json\/wp\/v2\/media?parent=39898"}],"wp:term":[{"taxonomy":"product_brand","embeddable":true,"href":"https:\/\/imprimeideas.es\/en\/wp-json\/wp\/v2\/product_brand?post=39898"},{"taxonomy":"product_cat","embeddable":true,"href":"https:\/\/imprimeideas.es\/en\/wp-json\/wp\/v2\/product_cat?post=39898"},{"taxonomy":"product_tag","embeddable":true,"href":"https:\/\/imprimeideas.es\/en\/wp-json\/wp\/v2\/product_tag?post=39898"}],"curies":[{"name":"wp","href":"https:\/\/api.w.org\/{rel}","templated":true}]}}