{"id":39867,"date":"2026-02-24T11:20:33","date_gmt":"2026-02-24T10:20:33","guid":{"rendered":"https:\/\/imprimeideas.es\/?post_type=product&p=39867"},"modified":"2026-02-26T18:28:01","modified_gmt":"2026-02-26T17:28:01","slug":"tarjeta-kotix","status":"publish","type":"product","link":"https:\/\/imprimeideas.es\/en\/product\/tarjeta-kotix\/","title":{"rendered":"Tarjeta Kotix"},"content":{"rendered":"<p>Tarjeta de presentaci\u00f3n fabricada en cart\u00f3n reciclado. De acabado kraft. En l\u00ednea con la tendencia del mercado hacia la sostenibilidad integral del regalo, ofreciendo soluciones de origen reciclado con el fin de ayudar a la mejora y conservaci\u00f3n de nuestro planeta.<\/p>","protected":false},"excerpt":{"rendered":"<p>Tarjeta de presentaci\u00f3n fabricada en cart\u00f3n reciclado. De acabado kraft. En l\u00ednea con la tendencia del mercado hacia la sostenibilidad<\/p>","protected":false},"featured_media":68199,"comment_status":"open","ping_status":"open","template":"","meta":{"inline_featured_image":false},"product_brand":[],"product_cat":[122,287],"product_tag":[],"class_list":{"0":"post-39867","1":"product","2":"type-product","3":"status-publish","4":"has-post-thumbnail","6":"product_cat-articulos-sostenibles","7":"product_cat-embalaje-especial","9":"first","10":"instock","11":"taxable","12":"shipping-taxable","13":"purchasable","14":"product-type-variable","15":"has-default-attributes"},"aioseo_notices":[],"_links":{"self":[{"href":"https:\/\/imprimeideas.es\/en\/wp-json\/wp\/v2\/product\/39867","targetHints":{"allow":["GET"]}}],"collection":[{"href":"https:\/\/imprimeideas.es\/en\/wp-json\/wp\/v2\/product"}],"about":[{"href":"https:\/\/imprimeideas.es\/en\/wp-json\/wp\/v2\/types\/product"}],"replies":[{"embeddable":true,"href":"https:\/\/imprimeideas.es\/en\/wp-json\/wp\/v2\/comments?post=39867"}],"version-history":[{"count":1,"href":"https:\/\/imprimeideas.es\/en\/wp-json\/wp\/v2\/product\/39867\/revisions"}],"predecessor-version":[{"id":54298,"href":"https:\/\/imprimeideas.es\/en\/wp-json\/wp\/v2\/product\/39867\/revisions\/54298"}],"wp:featuredmedia":[{"embeddable":true,"href":"https:\/\/imprimeideas.es\/en\/wp-json\/wp\/v2\/media\/68199"}],"wp:attachment":[{"href":"https:\/\/imprimeideas.es\/en\/wp-json\/wp\/v2\/media?parent=39867"}],"wp:term":[{"taxonomy":"product_brand","embeddable":true,"href":"https:\/\/imprimeideas.es\/en\/wp-json\/wp\/v2\/product_brand?post=39867"},{"taxonomy":"product_cat","embeddable":true,"href":"https:\/\/imprimeideas.es\/en\/wp-json\/wp\/v2\/product_cat?post=39867"},{"taxonomy":"product_tag","embeddable":true,"href":"https:\/\/imprimeideas.es\/en\/wp-json\/wp\/v2\/product_tag?post=39867"}],"curies":[{"name":"wp","href":"https:\/\/api.w.org\/{rel}","templated":true}]}}