{"id":39865,"date":"2026-02-24T11:20:33","date_gmt":"2026-02-24T10:20:33","guid":{"rendered":"https:\/\/imprimeideas.es\/?post_type=product&p=39865"},"modified":"2026-02-26T18:32:57","modified_gmt":"2026-02-26T17:32:57","slug":"hangtag-presentacion-canlia","status":"publish","type":"product","link":"https:\/\/imprimeideas.es\/en\/product\/hangtag-presentacion-canlia\/","title":{"rendered":"Hangtag Presentaci\u00f3n Canlia"},"content":{"rendered":"<p>Etiqueta tipo hangtag de presentaci\u00f3n, fabricada en cart\u00f3n reciclado. De acabado kraft, con cuerda el\u00e1stica para colgar en color marr\u00f3n a juego. En l\u00ednea con la tendencia del mercado hacia la sostenibilidad integral del regalo, ofreciendo soluciones de origen reciclado con el fin de ayudar a la mejora y conservaci\u00f3n de nuestro planeta.<\/p>","protected":false},"excerpt":{"rendered":"<p>Etiqueta tipo hangtag de presentaci\u00f3n, fabricada en cart\u00f3n reciclado. De acabado kraft, con cuerda el\u00e1stica para colgar en color marr\u00f3n<\/p>","protected":false},"featured_media":40141,"comment_status":"open","ping_status":"open","template":"","meta":{"inline_featured_image":false},"product_brand":[],"product_cat":[122,287],"product_tag":[],"class_list":{"0":"post-39865","1":"product","2":"type-product","3":"status-publish","4":"has-post-thumbnail","6":"product_cat-articulos-sostenibles","7":"product_cat-embalaje-especial","9":"first","10":"instock","11":"taxable","12":"shipping-taxable","13":"purchasable","14":"product-type-variable","15":"has-default-attributes"},"aioseo_notices":[],"_links":{"self":[{"href":"https:\/\/imprimeideas.es\/en\/wp-json\/wp\/v2\/product\/39865","targetHints":{"allow":["GET"]}}],"collection":[{"href":"https:\/\/imprimeideas.es\/en\/wp-json\/wp\/v2\/product"}],"about":[{"href":"https:\/\/imprimeideas.es\/en\/wp-json\/wp\/v2\/types\/product"}],"replies":[{"embeddable":true,"href":"https:\/\/imprimeideas.es\/en\/wp-json\/wp\/v2\/comments?post=39865"}],"version-history":[{"count":1,"href":"https:\/\/imprimeideas.es\/en\/wp-json\/wp\/v2\/product\/39865\/revisions"}],"predecessor-version":[{"id":54297,"href":"https:\/\/imprimeideas.es\/en\/wp-json\/wp\/v2\/product\/39865\/revisions\/54297"}],"wp:featuredmedia":[{"embeddable":true,"href":"https:\/\/imprimeideas.es\/en\/wp-json\/wp\/v2\/media\/40141"}],"wp:attachment":[{"href":"https:\/\/imprimeideas.es\/en\/wp-json\/wp\/v2\/media?parent=39865"}],"wp:term":[{"taxonomy":"product_brand","embeddable":true,"href":"https:\/\/imprimeideas.es\/en\/wp-json\/wp\/v2\/product_brand?post=39865"},{"taxonomy":"product_cat","embeddable":true,"href":"https:\/\/imprimeideas.es\/en\/wp-json\/wp\/v2\/product_cat?post=39865"},{"taxonomy":"product_tag","embeddable":true,"href":"https:\/\/imprimeideas.es\/en\/wp-json\/wp\/v2\/product_tag?post=39865"}],"curies":[{"name":"wp","href":"https:\/\/api.w.org\/{rel}","templated":true}]}}