{"id":39856,"date":"2026-02-24T11:20:32","date_gmt":"2026-02-24T10:20:32","guid":{"rendered":"https:\/\/imprimeideas.es\/?post_type=product&p=39856"},"modified":"2026-02-26T18:19:31","modified_gmt":"2026-02-26T17:19:31","slug":"memoria-usb-nokex-16gb","status":"publish","type":"product","link":"https:\/\/imprimeideas.es\/en\/product\/memoria-usb-nokex-16gb\/","title":{"rendered":"Memoria USB Nokex 16GB"},"content":{"rendered":"<p>Memoria USB de l\u00ednea nature de 16GB de capacidad. Fabricada en madera, para as\u00ed fomentar la utilizaci\u00f3n de materiales naturales. Presentada en atractiva caja de dise\u00f1o eco.<\/p>","protected":false},"excerpt":{"rendered":"<p>Memoria USB de l\u00ednea nature de 16GB de capacidad. Fabricada en madera, para as\u00ed fomentar la utilizaci\u00f3n de materiales naturales.<\/p>","protected":false},"featured_media":71811,"comment_status":"open","ping_status":"open","template":"","meta":{"inline_featured_image":false},"product_brand":[],"product_cat":[122,95,787],"product_tag":[],"class_list":{"0":"post-39856","1":"product","2":"type-product","3":"status-publish","4":"has-post-thumbnail","6":"product_cat-articulos-sostenibles","7":"product_cat-tecnologia-y-accesorios","8":"product_cat-usb-stock","10":"first","11":"outofstock","12":"taxable","13":"shipping-taxable","14":"purchasable","15":"product-type-variable","16":"has-default-attributes"},"aioseo_notices":[],"_links":{"self":[{"href":"https:\/\/imprimeideas.es\/en\/wp-json\/wp\/v2\/product\/39856","targetHints":{"allow":["GET"]}}],"collection":[{"href":"https:\/\/imprimeideas.es\/en\/wp-json\/wp\/v2\/product"}],"about":[{"href":"https:\/\/imprimeideas.es\/en\/wp-json\/wp\/v2\/types\/product"}],"replies":[{"embeddable":true,"href":"https:\/\/imprimeideas.es\/en\/wp-json\/wp\/v2\/comments?post=39856"}],"version-history":[{"count":1,"href":"https:\/\/imprimeideas.es\/en\/wp-json\/wp\/v2\/product\/39856\/revisions"}],"predecessor-version":[{"id":54293,"href":"https:\/\/imprimeideas.es\/en\/wp-json\/wp\/v2\/product\/39856\/revisions\/54293"}],"wp:featuredmedia":[{"embeddable":true,"href":"https:\/\/imprimeideas.es\/en\/wp-json\/wp\/v2\/media\/71811"}],"wp:attachment":[{"href":"https:\/\/imprimeideas.es\/en\/wp-json\/wp\/v2\/media?parent=39856"}],"wp:term":[{"taxonomy":"product_brand","embeddable":true,"href":"https:\/\/imprimeideas.es\/en\/wp-json\/wp\/v2\/product_brand?post=39856"},{"taxonomy":"product_cat","embeddable":true,"href":"https:\/\/imprimeideas.es\/en\/wp-json\/wp\/v2\/product_cat?post=39856"},{"taxonomy":"product_tag","embeddable":true,"href":"https:\/\/imprimeideas.es\/en\/wp-json\/wp\/v2\/product_tag?post=39856"}],"curies":[{"name":"wp","href":"https:\/\/api.w.org\/{rel}","templated":true}]}}