{"id":39799,"date":"2026-02-24T11:20:27","date_gmt":"2026-02-24T10:20:27","guid":{"rendered":"https:\/\/imprimeideas.es\/?post_type=product&p=39799"},"modified":"2026-02-26T18:32:46","modified_gmt":"2026-02-26T17:32:46","slug":"chaqueta-scola","status":"publish","type":"product","link":"https:\/\/imprimeideas.es\/en\/product\/chaqueta-scola\/","title":{"rendered":"Chaqueta Scola"},"content":{"rendered":"<p>Chaqueta impermeable y transpirable en combinaci\u00f3n de materiales RPET, elaborados a partir de pl\u00e1stico reciclado, para as\u00ed fomentar la reutilizaci\u00f3n de residuos pl\u00e1sticos y contribuir a la sostenibilidad del planeta: exterior en soft shell y elastano de 300g\/m2 con interior en 100% poli\u00e9ster microfleece. Con distintivo eco en dobladillo inferior de la prenda. Resistente al viento y al agua, con cierre de cremallera y tiradores a juego. Incluye bolsillo frontal en pecho y laterales con cierre de cremallera invisible y tiradores a juego. Disponible en variada gama de colores y en tallas S, M, L, XL, XXL.<\/p>","protected":false},"excerpt":{"rendered":"<p>Resistente al Viento y al Agua<\/p>","protected":false},"featured_media":72040,"comment_status":"open","ping_status":"open","template":"","meta":{"inline_featured_image":false},"product_brand":[],"product_cat":[122,116],"product_tag":[],"class_list":{"0":"post-39799","1":"product","2":"type-product","3":"status-publish","4":"has-post-thumbnail","6":"product_cat-articulos-sostenibles","7":"product_cat-textil","9":"first","10":"instock","11":"taxable","12":"shipping-taxable","13":"purchasable","14":"product-type-variable","15":"has-default-attributes"},"aioseo_notices":[],"_links":{"self":[{"href":"https:\/\/imprimeideas.es\/en\/wp-json\/wp\/v2\/product\/39799","targetHints":{"allow":["GET"]}}],"collection":[{"href":"https:\/\/imprimeideas.es\/en\/wp-json\/wp\/v2\/product"}],"about":[{"href":"https:\/\/imprimeideas.es\/en\/wp-json\/wp\/v2\/types\/product"}],"replies":[{"embeddable":true,"href":"https:\/\/imprimeideas.es\/en\/wp-json\/wp\/v2\/comments?post=39799"}],"version-history":[{"count":1,"href":"https:\/\/imprimeideas.es\/en\/wp-json\/wp\/v2\/product\/39799\/revisions"}],"predecessor-version":[{"id":54291,"href":"https:\/\/imprimeideas.es\/en\/wp-json\/wp\/v2\/product\/39799\/revisions\/54291"}],"wp:featuredmedia":[{"embeddable":true,"href":"https:\/\/imprimeideas.es\/en\/wp-json\/wp\/v2\/media\/72040"}],"wp:attachment":[{"href":"https:\/\/imprimeideas.es\/en\/wp-json\/wp\/v2\/media?parent=39799"}],"wp:term":[{"taxonomy":"product_brand","embeddable":true,"href":"https:\/\/imprimeideas.es\/en\/wp-json\/wp\/v2\/product_brand?post=39799"},{"taxonomy":"product_cat","embeddable":true,"href":"https:\/\/imprimeideas.es\/en\/wp-json\/wp\/v2\/product_cat?post=39799"},{"taxonomy":"product_tag","embeddable":true,"href":"https:\/\/imprimeideas.es\/en\/wp-json\/wp\/v2\/product_tag?post=39799"}],"curies":[{"name":"wp","href":"https:\/\/api.w.org\/{rel}","templated":true}]}}