{"id":39727,"date":"2026-02-24T11:20:20","date_gmt":"2026-02-24T10:20:20","guid":{"rendered":"https:\/\/imprimeideas.es\/?post_type=product&p=39727"},"modified":"2026-02-26T18:13:54","modified_gmt":"2026-02-26T17:13:54","slug":"sudadera-adulto-con-capucha-harnix","status":"publish","type":"product","link":"https:\/\/imprimeideas.es\/en\/product\/sudadera-adulto-con-capucha-harnix\/","title":{"rendered":"Sudadera Adulto con Capucha Harnix"},"content":{"rendered":"<p>Sudadera para adulto unisex con capucha. Fabricada en combinaci\u00f3n de materiales algod\u00f3n org\u00e1nico peinado y poli\u00e9ster RPET de 280gsm. Bolsillo canguro y capucha forrada de punto liso, con cordones a juego. Cuello, pu\u00f1os y cintura de punto canal\u00e9 2&#215;1, hombros con costura. Con etiqueta distintiva eco. Disponible en variada gama de colores. Tallas XS, S, M, L, XL, XXL, 3XL.<\/p>","protected":false},"excerpt":{"rendered":"<p>Sudadera para adulto unisex con capucha. Fabricada en combinaci\u00f3n de materiales algod\u00f3n org\u00e1nico peinado y poli\u00e9ster RPET de 280gsm. Bolsillo<\/p>","protected":false},"featured_media":83680,"comment_status":"open","ping_status":"open","template":"","meta":{"inline_featured_image":false},"product_brand":[],"product_cat":[122,116],"product_tag":[],"class_list":{"0":"post-39727","1":"product","2":"type-product","3":"status-publish","4":"has-post-thumbnail","6":"product_cat-articulos-sostenibles","7":"product_cat-textil","9":"first","10":"instock","11":"taxable","12":"shipping-taxable","13":"purchasable","14":"product-type-variable","15":"has-default-attributes"},"aioseo_notices":[],"_links":{"self":[{"href":"https:\/\/imprimeideas.es\/en\/wp-json\/wp\/v2\/product\/39727","targetHints":{"allow":["GET"]}}],"collection":[{"href":"https:\/\/imprimeideas.es\/en\/wp-json\/wp\/v2\/product"}],"about":[{"href":"https:\/\/imprimeideas.es\/en\/wp-json\/wp\/v2\/types\/product"}],"replies":[{"embeddable":true,"href":"https:\/\/imprimeideas.es\/en\/wp-json\/wp\/v2\/comments?post=39727"}],"version-history":[{"count":1,"href":"https:\/\/imprimeideas.es\/en\/wp-json\/wp\/v2\/product\/39727\/revisions"}],"predecessor-version":[{"id":54288,"href":"https:\/\/imprimeideas.es\/en\/wp-json\/wp\/v2\/product\/39727\/revisions\/54288"}],"wp:featuredmedia":[{"embeddable":true,"href":"https:\/\/imprimeideas.es\/en\/wp-json\/wp\/v2\/media\/83680"}],"wp:attachment":[{"href":"https:\/\/imprimeideas.es\/en\/wp-json\/wp\/v2\/media?parent=39727"}],"wp:term":[{"taxonomy":"product_brand","embeddable":true,"href":"https:\/\/imprimeideas.es\/en\/wp-json\/wp\/v2\/product_brand?post=39727"},{"taxonomy":"product_cat","embeddable":true,"href":"https:\/\/imprimeideas.es\/en\/wp-json\/wp\/v2\/product_cat?post=39727"},{"taxonomy":"product_tag","embeddable":true,"href":"https:\/\/imprimeideas.es\/en\/wp-json\/wp\/v2\/product_tag?post=39727"}],"curies":[{"name":"wp","href":"https:\/\/api.w.org\/{rel}","templated":true}]}}