{"id":39695,"date":"2026-02-24T11:20:17","date_gmt":"2026-02-24T10:20:17","guid":{"rendered":"https:\/\/imprimeideas.es\/?post_type=product&p=39695"},"modified":"2026-02-26T18:19:25","modified_gmt":"2026-02-26T17:19:25","slug":"camiseta-nino-keya-organic-kd","status":"publish","type":"product","link":"https:\/\/imprimeideas.es\/en\/product\/camiseta-nino-keya-organic-kd\/","title":{"rendered":"Camiseta Ni\u00f1o \u00abkeya\u00bb Organic KD"},"content":{"rendered":"<p>Camiseta para ni\u00f1os Keya Organic Natural. En material 100% algod\u00f3n org\u00e1nico single jersey de 150g\/m2 y acabado natural. Distintivo organic en etiqueta. Disponible en tallas XS (5-6), S (7-8), M (10-11), L (12-13) y XL (14-15).<\/p>","protected":false},"excerpt":{"rendered":"<p>Camiseta para ni\u00f1os Keya Organic Natural. En material 100% algod\u00f3n org\u00e1nico single jersey de 150g\/m2 y acabado natural. Distintivo organic<\/p>","protected":false},"featured_media":62714,"comment_status":"open","ping_status":"open","template":"","meta":{"inline_featured_image":false},"product_brand":[2087],"product_cat":[122,116],"product_tag":[],"class_list":{"0":"post-39695","1":"product","2":"type-product","3":"status-publish","4":"has-post-thumbnail","6":"product_brand-keya","7":"product_cat-articulos-sostenibles","8":"product_cat-textil","10":"first","11":"instock","12":"taxable","13":"shipping-taxable","14":"purchasable","15":"product-type-variable","16":"has-default-attributes"},"aioseo_notices":[],"_links":{"self":[{"href":"https:\/\/imprimeideas.es\/en\/wp-json\/wp\/v2\/product\/39695","targetHints":{"allow":["GET"]}}],"collection":[{"href":"https:\/\/imprimeideas.es\/en\/wp-json\/wp\/v2\/product"}],"about":[{"href":"https:\/\/imprimeideas.es\/en\/wp-json\/wp\/v2\/types\/product"}],"replies":[{"embeddable":true,"href":"https:\/\/imprimeideas.es\/en\/wp-json\/wp\/v2\/comments?post=39695"}],"version-history":[{"count":1,"href":"https:\/\/imprimeideas.es\/en\/wp-json\/wp\/v2\/product\/39695\/revisions"}],"predecessor-version":[{"id":54286,"href":"https:\/\/imprimeideas.es\/en\/wp-json\/wp\/v2\/product\/39695\/revisions\/54286"}],"wp:featuredmedia":[{"embeddable":true,"href":"https:\/\/imprimeideas.es\/en\/wp-json\/wp\/v2\/media\/62714"}],"wp:attachment":[{"href":"https:\/\/imprimeideas.es\/en\/wp-json\/wp\/v2\/media?parent=39695"}],"wp:term":[{"taxonomy":"product_brand","embeddable":true,"href":"https:\/\/imprimeideas.es\/en\/wp-json\/wp\/v2\/product_brand?post=39695"},{"taxonomy":"product_cat","embeddable":true,"href":"https:\/\/imprimeideas.es\/en\/wp-json\/wp\/v2\/product_cat?post=39695"},{"taxonomy":"product_tag","embeddable":true,"href":"https:\/\/imprimeideas.es\/en\/wp-json\/wp\/v2\/product_tag?post=39695"}],"curies":[{"name":"wp","href":"https:\/\/api.w.org\/{rel}","templated":true}]}}