{"id":39682,"date":"2026-02-24T11:20:16","date_gmt":"2026-02-24T10:20:16","guid":{"rendered":"https:\/\/imprimeideas.es\/?post_type=product&p=39682"},"modified":"2026-02-25T19:52:16","modified_gmt":"2026-02-25T18:52:16","slug":"rodillo-lenon","status":"publish","type":"product","link":"https:\/\/imprimeideas.es\/en\/product\/rodillo-lenon\/","title":{"rendered":"Rodillo Lenon"},"content":{"rendered":"<p>Rodillo de cocina de fabricaci\u00f3n europea y hecho en madera natural, con c\u00f3modos mangos en los extremos. Incluye certificaci\u00f3n PEFC, contribuyendo as\u00ed a la preservaci\u00f3n de los bosques y la biodiversidad forestal.<\/p>","protected":false},"excerpt":{"rendered":"<p>Rodillo de cocina de fabricaci\u00f3n europea y hecho en madera natural, con c\u00f3modos mangos en los extremos. Incluye certificaci\u00f3n PEFC,<\/p>","protected":false},"featured_media":74845,"comment_status":"open","ping_status":"open","template":"","meta":{"inline_featured_image":false},"product_brand":[],"product_cat":[122,104,123],"product_tag":[],"class_list":{"0":"post-39682","1":"product","2":"type-product","3":"status-publish","4":"has-post-thumbnail","6":"product_cat-articulos-sostenibles","7":"product_cat-hogar-y-decoracion","8":"product_cat-made-in-europe","10":"first","11":"outofstock","12":"taxable","13":"shipping-taxable","14":"purchasable","15":"product-type-variable","16":"has-default-attributes"},"aioseo_notices":[],"_links":{"self":[{"href":"https:\/\/imprimeideas.es\/en\/wp-json\/wp\/v2\/product\/39682","targetHints":{"allow":["GET"]}}],"collection":[{"href":"https:\/\/imprimeideas.es\/en\/wp-json\/wp\/v2\/product"}],"about":[{"href":"https:\/\/imprimeideas.es\/en\/wp-json\/wp\/v2\/types\/product"}],"replies":[{"embeddable":true,"href":"https:\/\/imprimeideas.es\/en\/wp-json\/wp\/v2\/comments?post=39682"}],"version-history":[{"count":1,"href":"https:\/\/imprimeideas.es\/en\/wp-json\/wp\/v2\/product\/39682\/revisions"}],"predecessor-version":[{"id":58765,"href":"https:\/\/imprimeideas.es\/en\/wp-json\/wp\/v2\/product\/39682\/revisions\/58765"}],"wp:featuredmedia":[{"embeddable":true,"href":"https:\/\/imprimeideas.es\/en\/wp-json\/wp\/v2\/media\/74845"}],"wp:attachment":[{"href":"https:\/\/imprimeideas.es\/en\/wp-json\/wp\/v2\/media?parent=39682"}],"wp:term":[{"taxonomy":"product_brand","embeddable":true,"href":"https:\/\/imprimeideas.es\/en\/wp-json\/wp\/v2\/product_brand?post=39682"},{"taxonomy":"product_cat","embeddable":true,"href":"https:\/\/imprimeideas.es\/en\/wp-json\/wp\/v2\/product_cat?post=39682"},{"taxonomy":"product_tag","embeddable":true,"href":"https:\/\/imprimeideas.es\/en\/wp-json\/wp\/v2\/product_tag?post=39682"}],"curies":[{"name":"wp","href":"https:\/\/api.w.org\/{rel}","templated":true}]}}