{"id":39678,"date":"2026-02-24T11:20:16","date_gmt":"2026-02-24T10:20:16","guid":{"rendered":"https:\/\/imprimeideas.es\/?post_type=product&p=39678"},"modified":"2026-02-26T18:23:31","modified_gmt":"2026-02-26T17:23:31","slug":"cuchara-hibray","status":"publish","type":"product","link":"https:\/\/imprimeideas.es\/en\/product\/cuchara-hibray\/","title":{"rendered":"Cuchara Hibray"},"content":{"rendered":"<p>Cuchara de cocina grande de fabricaci\u00f3n europea y hecha en madera natural, con c\u00f3modo mango. Incluye certificaci\u00f3n PEFC, contribuyendo as\u00ed a la preservaci\u00f3n de los bosques y la biodiversidad forestal.<\/p>","protected":false},"excerpt":{"rendered":"<p>Cuchara de cocina grande de fabricaci\u00f3n europea y hecha en madera natural, con c\u00f3modo mango. Incluye certificaci\u00f3n PEFC, contribuyendo as\u00ed<\/p>","protected":false},"featured_media":85035,"comment_status":"open","ping_status":"open","template":"","meta":{"inline_featured_image":false},"product_brand":[],"product_cat":[122,123],"product_tag":[],"class_list":{"0":"post-39678","1":"product","2":"type-product","3":"status-publish","4":"has-post-thumbnail","6":"product_cat-articulos-sostenibles","7":"product_cat-made-in-europe","9":"first","10":"outofstock","11":"taxable","12":"shipping-taxable","13":"purchasable","14":"product-type-variable","15":"has-default-attributes"},"aioseo_notices":[],"_links":{"self":[{"href":"https:\/\/imprimeideas.es\/en\/wp-json\/wp\/v2\/product\/39678","targetHints":{"allow":["GET"]}}],"collection":[{"href":"https:\/\/imprimeideas.es\/en\/wp-json\/wp\/v2\/product"}],"about":[{"href":"https:\/\/imprimeideas.es\/en\/wp-json\/wp\/v2\/types\/product"}],"replies":[{"embeddable":true,"href":"https:\/\/imprimeideas.es\/en\/wp-json\/wp\/v2\/comments?post=39678"}],"version-history":[{"count":1,"href":"https:\/\/imprimeideas.es\/en\/wp-json\/wp\/v2\/product\/39678\/revisions"}],"predecessor-version":[{"id":58763,"href":"https:\/\/imprimeideas.es\/en\/wp-json\/wp\/v2\/product\/39678\/revisions\/58763"}],"wp:featuredmedia":[{"embeddable":true,"href":"https:\/\/imprimeideas.es\/en\/wp-json\/wp\/v2\/media\/85035"}],"wp:attachment":[{"href":"https:\/\/imprimeideas.es\/en\/wp-json\/wp\/v2\/media?parent=39678"}],"wp:term":[{"taxonomy":"product_brand","embeddable":true,"href":"https:\/\/imprimeideas.es\/en\/wp-json\/wp\/v2\/product_brand?post=39678"},{"taxonomy":"product_cat","embeddable":true,"href":"https:\/\/imprimeideas.es\/en\/wp-json\/wp\/v2\/product_cat?post=39678"},{"taxonomy":"product_tag","embeddable":true,"href":"https:\/\/imprimeideas.es\/en\/wp-json\/wp\/v2\/product_tag?post=39678"}],"curies":[{"name":"wp","href":"https:\/\/api.w.org\/{rel}","templated":true}]}}