{"id":39670,"date":"2026-02-24T11:20:15","date_gmt":"2026-02-24T10:20:15","guid":{"rendered":"https:\/\/imprimeideas.es\/?post_type=product&p=39670"},"modified":"2026-02-26T18:13:37","modified_gmt":"2026-02-26T17:13:37","slug":"boligrafo-bailey-light","status":"publish","type":"product","link":"https:\/\/imprimeideas.es\/en\/product\/boligrafo-bailey-light\/","title":{"rendered":"Bol\u00edgrafo Bailey Light"},"content":{"rendered":"<p>Bol\u00edgrafo de Cross modelo Bailey Light, que combina una resina de alto brillo con acabados met\u00e1licos de cromo pulido. De cartucho jumbo y en tinta negra. Presentado en elegante estuche individual de color negro con logotipo de la marca, e interior en suave antelina a juego.<\/p>","protected":false},"excerpt":{"rendered":"<p>Tinta Negra<\/p>","protected":false},"featured_media":82621,"comment_status":"open","ping_status":"open","template":"","meta":{"inline_featured_image":false},"product_brand":[2068],"product_cat":[100,121],"product_tag":[],"class_list":{"0":"post-39670","1":"product","2":"type-product","3":"status-publish","4":"has-post-thumbnail","6":"product_brand-cross","7":"product_cat-escritura","8":"product_cat-marcas","10":"first","11":"instock","12":"taxable","13":"shipping-taxable","14":"purchasable","15":"product-type-variable","16":"has-default-attributes"},"aioseo_notices":[],"_links":{"self":[{"href":"https:\/\/imprimeideas.es\/en\/wp-json\/wp\/v2\/product\/39670","targetHints":{"allow":["GET"]}}],"collection":[{"href":"https:\/\/imprimeideas.es\/en\/wp-json\/wp\/v2\/product"}],"about":[{"href":"https:\/\/imprimeideas.es\/en\/wp-json\/wp\/v2\/types\/product"}],"replies":[{"embeddable":true,"href":"https:\/\/imprimeideas.es\/en\/wp-json\/wp\/v2\/comments?post=39670"}],"version-history":[{"count":1,"href":"https:\/\/imprimeideas.es\/en\/wp-json\/wp\/v2\/product\/39670\/revisions"}],"predecessor-version":[{"id":60737,"href":"https:\/\/imprimeideas.es\/en\/wp-json\/wp\/v2\/product\/39670\/revisions\/60737"}],"wp:featuredmedia":[{"embeddable":true,"href":"https:\/\/imprimeideas.es\/en\/wp-json\/wp\/v2\/media\/82621"}],"wp:attachment":[{"href":"https:\/\/imprimeideas.es\/en\/wp-json\/wp\/v2\/media?parent=39670"}],"wp:term":[{"taxonomy":"product_brand","embeddable":true,"href":"https:\/\/imprimeideas.es\/en\/wp-json\/wp\/v2\/product_brand?post=39670"},{"taxonomy":"product_cat","embeddable":true,"href":"https:\/\/imprimeideas.es\/en\/wp-json\/wp\/v2\/product_cat?post=39670"},{"taxonomy":"product_tag","embeddable":true,"href":"https:\/\/imprimeideas.es\/en\/wp-json\/wp\/v2\/product_tag?post=39670"}],"curies":[{"name":"wp","href":"https:\/\/api.w.org\/{rel}","templated":true}]}}