{"id":39665,"date":"2026-02-24T11:20:14","date_gmt":"2026-02-24T10:20:14","guid":{"rendered":"https:\/\/imprimeideas.es\/?post_type=product&p=39665"},"modified":"2026-02-26T18:19:42","modified_gmt":"2026-02-26T17:19:42","slug":"taza-lixus","status":"publish","type":"product","link":"https:\/\/imprimeideas.es\/en\/product\/taza-lixus\/","title":{"rendered":"Taza Lixus"},"content":{"rendered":"<p>Taza de dise\u00f1o cl\u00e1sico de 330 ml y dise\u00f1o curvado. De fabricaci\u00f3n europea y hecha en barro, que tanto por su origen natural como por sus procesos de transformaci\u00f3n artesanales en la industria de la alfarer\u00eda, se convierte en una de las opciones m\u00e1s sostenibles, adem\u00e1s de ser altamente reciclable. Con contraste de acabados natural y esmaltado. Presentada en caja individual de acabado kraft, con distintivo Made in Europe.<\/p>","protected":false},"excerpt":{"rendered":"<p>330 ml<\/p>","protected":false},"featured_media":74544,"comment_status":"open","ping_status":"open","template":"","meta":{"inline_featured_image":false},"product_brand":[],"product_cat":[122,123,97],"product_tag":[],"class_list":{"0":"post-39665","1":"product","2":"type-product","3":"status-publish","4":"has-post-thumbnail","6":"product_cat-articulos-sostenibles","7":"product_cat-made-in-europe","8":"product_cat-tazas-jarras-y-termos","10":"first","11":"instock","12":"taxable","13":"shipping-taxable","14":"purchasable","15":"product-type-variable","16":"has-default-attributes"},"aioseo_notices":[],"_links":{"self":[{"href":"https:\/\/imprimeideas.es\/en\/wp-json\/wp\/v2\/product\/39665","targetHints":{"allow":["GET"]}}],"collection":[{"href":"https:\/\/imprimeideas.es\/en\/wp-json\/wp\/v2\/product"}],"about":[{"href":"https:\/\/imprimeideas.es\/en\/wp-json\/wp\/v2\/types\/product"}],"replies":[{"embeddable":true,"href":"https:\/\/imprimeideas.es\/en\/wp-json\/wp\/v2\/comments?post=39665"}],"version-history":[{"count":1,"href":"https:\/\/imprimeideas.es\/en\/wp-json\/wp\/v2\/product\/39665\/revisions"}],"predecessor-version":[{"id":58762,"href":"https:\/\/imprimeideas.es\/en\/wp-json\/wp\/v2\/product\/39665\/revisions\/58762"}],"wp:featuredmedia":[{"embeddable":true,"href":"https:\/\/imprimeideas.es\/en\/wp-json\/wp\/v2\/media\/74544"}],"wp:attachment":[{"href":"https:\/\/imprimeideas.es\/en\/wp-json\/wp\/v2\/media?parent=39665"}],"wp:term":[{"taxonomy":"product_brand","embeddable":true,"href":"https:\/\/imprimeideas.es\/en\/wp-json\/wp\/v2\/product_brand?post=39665"},{"taxonomy":"product_cat","embeddable":true,"href":"https:\/\/imprimeideas.es\/en\/wp-json\/wp\/v2\/product_cat?post=39665"},{"taxonomy":"product_tag","embeddable":true,"href":"https:\/\/imprimeideas.es\/en\/wp-json\/wp\/v2\/product_tag?post=39665"}],"curies":[{"name":"wp","href":"https:\/\/api.w.org\/{rel}","templated":true}]}}