{"id":39661,"date":"2026-02-24T11:20:14","date_gmt":"2026-02-24T10:20:14","guid":{"rendered":"https:\/\/imprimeideas.es\/?post_type=product&p=39661"},"modified":"2026-02-26T18:32:46","modified_gmt":"2026-02-26T17:32:46","slug":"regla-marcapaginas-tecin","status":"publish","type":"product","link":"https:\/\/imprimeideas.es\/en\/product\/regla-marcapaginas-tecin\/","title":{"rendered":"Regla Marcap\u00e1ginas Tecin"},"content":{"rendered":"<p>Regla marcap\u00e1ginas de l\u00ednea nature. En bamb\u00fa y con amplia superficie de marcaje. Incluye 25 notas adhesivas medianas y 125 mini notas adhesivas. Sistema m\u00e9trico en cent\u00edmetros y pulgadas.<\/p>","protected":false},"excerpt":{"rendered":"<p>13 cm y 5&#8243;. 25 Notas Adhesivas 4 x 4,5 cm. 125 Mininotas Adhesivas 1,2 x 4,5 cm<\/p>","protected":false},"featured_media":85079,"comment_status":"open","ping_status":"open","template":"","meta":{"inline_featured_image":false},"product_brand":[],"product_cat":[122,96],"product_tag":[],"class_list":{"0":"post-39661","1":"product","2":"type-product","3":"status-publish","4":"has-post-thumbnail","6":"product_cat-articulos-sostenibles","7":"product_cat-oficina-y-negocios","9":"first","10":"instock","11":"taxable","12":"shipping-taxable","13":"purchasable","14":"product-type-variable","15":"has-default-attributes"},"aioseo_notices":[],"_links":{"self":[{"href":"https:\/\/imprimeideas.es\/en\/wp-json\/wp\/v2\/product\/39661","targetHints":{"allow":["GET"]}}],"collection":[{"href":"https:\/\/imprimeideas.es\/en\/wp-json\/wp\/v2\/product"}],"about":[{"href":"https:\/\/imprimeideas.es\/en\/wp-json\/wp\/v2\/types\/product"}],"replies":[{"embeddable":true,"href":"https:\/\/imprimeideas.es\/en\/wp-json\/wp\/v2\/comments?post=39661"}],"version-history":[{"count":1,"href":"https:\/\/imprimeideas.es\/en\/wp-json\/wp\/v2\/product\/39661\/revisions"}],"predecessor-version":[{"id":54282,"href":"https:\/\/imprimeideas.es\/en\/wp-json\/wp\/v2\/product\/39661\/revisions\/54282"}],"wp:featuredmedia":[{"embeddable":true,"href":"https:\/\/imprimeideas.es\/en\/wp-json\/wp\/v2\/media\/85079"}],"wp:attachment":[{"href":"https:\/\/imprimeideas.es\/en\/wp-json\/wp\/v2\/media?parent=39661"}],"wp:term":[{"taxonomy":"product_brand","embeddable":true,"href":"https:\/\/imprimeideas.es\/en\/wp-json\/wp\/v2\/product_brand?post=39661"},{"taxonomy":"product_cat","embeddable":true,"href":"https:\/\/imprimeideas.es\/en\/wp-json\/wp\/v2\/product_cat?post=39661"},{"taxonomy":"product_tag","embeddable":true,"href":"https:\/\/imprimeideas.es\/en\/wp-json\/wp\/v2\/product_tag?post=39661"}],"curies":[{"name":"wp","href":"https:\/\/api.w.org\/{rel}","templated":true}]}}