{"id":39659,"date":"2026-02-24T11:20:14","date_gmt":"2026-02-24T10:20:14","guid":{"rendered":"https:\/\/imprimeideas.es\/?post_type=product&p=39659"},"modified":"2026-02-26T18:23:15","modified_gmt":"2026-02-26T17:23:15","slug":"soporte-lemins","status":"publish","type":"product","link":"https:\/\/imprimeideas.es\/en\/product\/soporte-lemins\/","title":{"rendered":"Soporte Lemins"},"content":{"rendered":"<p>Original y sencillo soporte de l\u00ednea nature para smartphone y tablet. Fabricado en bamb\u00fa procedente de cortes naturales. Presentado en atractiva caja individual de dise\u00f1o eco.<\/p>","protected":false},"excerpt":{"rendered":"<p>Original y sencillo soporte de l\u00ednea nature para smartphone y tablet. Fabricado en bamb\u00fa procedente de cortes naturales. Presentado en<\/p>","protected":false},"featured_media":77751,"comment_status":"open","ping_status":"open","template":"","meta":{"inline_featured_image":false},"product_brand":[],"product_cat":[122,96,95],"product_tag":[],"class_list":{"0":"post-39659","1":"product","2":"type-product","3":"status-publish","4":"has-post-thumbnail","6":"product_cat-articulos-sostenibles","7":"product_cat-oficina-y-negocios","8":"product_cat-tecnologia-y-accesorios","10":"first","11":"instock","12":"taxable","13":"shipping-taxable","14":"purchasable","15":"product-type-variable","16":"has-default-attributes"},"aioseo_notices":[],"_links":{"self":[{"href":"https:\/\/imprimeideas.es\/en\/wp-json\/wp\/v2\/product\/39659","targetHints":{"allow":["GET"]}}],"collection":[{"href":"https:\/\/imprimeideas.es\/en\/wp-json\/wp\/v2\/product"}],"about":[{"href":"https:\/\/imprimeideas.es\/en\/wp-json\/wp\/v2\/types\/product"}],"replies":[{"embeddable":true,"href":"https:\/\/imprimeideas.es\/en\/wp-json\/wp\/v2\/comments?post=39659"}],"version-history":[{"count":1,"href":"https:\/\/imprimeideas.es\/en\/wp-json\/wp\/v2\/product\/39659\/revisions"}],"predecessor-version":[{"id":54281,"href":"https:\/\/imprimeideas.es\/en\/wp-json\/wp\/v2\/product\/39659\/revisions\/54281"}],"wp:featuredmedia":[{"embeddable":true,"href":"https:\/\/imprimeideas.es\/en\/wp-json\/wp\/v2\/media\/77751"}],"wp:attachment":[{"href":"https:\/\/imprimeideas.es\/en\/wp-json\/wp\/v2\/media?parent=39659"}],"wp:term":[{"taxonomy":"product_brand","embeddable":true,"href":"https:\/\/imprimeideas.es\/en\/wp-json\/wp\/v2\/product_brand?post=39659"},{"taxonomy":"product_cat","embeddable":true,"href":"https:\/\/imprimeideas.es\/en\/wp-json\/wp\/v2\/product_cat?post=39659"},{"taxonomy":"product_tag","embeddable":true,"href":"https:\/\/imprimeideas.es\/en\/wp-json\/wp\/v2\/product_tag?post=39659"}],"curies":[{"name":"wp","href":"https:\/\/api.w.org\/{rel}","templated":true}]}}