{"id":39647,"date":"2026-02-24T11:20:13","date_gmt":"2026-02-24T10:20:13","guid":{"rendered":"https:\/\/imprimeideas.es\/?post_type=product&p=39647"},"modified":"2026-02-26T18:23:24","modified_gmt":"2026-02-26T17:23:24","slug":"lapiz-eterno-yeidy","status":"publish","type":"product","link":"https:\/\/imprimeideas.es\/en\/product\/lapiz-eterno-yeidy\/","title":{"rendered":"L\u00e1piz Eterno Yeidy"},"content":{"rendered":"<p>L\u00e1piz eterno de l\u00ednea nature con capucha. Fabricado en papel reciclado y con punta en ca\u00f1a de trigo, fomentando la utilizaci\u00f3n de materias primas naturales y reducir las emisiones contaminantes. Reutilizable y con escritura infinita, para as\u00ed usar siempre el mismo l\u00e1piz y no generar residuos.<\/p>","protected":false},"excerpt":{"rendered":"<p>L\u00e1piz eterno de l\u00ednea nature con capucha. Fabricado en papel reciclado y con punta en ca\u00f1a de trigo, fomentando la<\/p>","protected":false},"featured_media":69267,"comment_status":"open","ping_status":"open","template":"","meta":{"inline_featured_image":false},"product_brand":[],"product_cat":[122,100],"product_tag":[],"class_list":{"0":"post-39647","1":"product","2":"type-product","3":"status-publish","4":"has-post-thumbnail","6":"product_cat-articulos-sostenibles","7":"product_cat-escritura","9":"first","10":"instock","11":"taxable","12":"shipping-taxable","13":"purchasable","14":"product-type-variable","15":"has-default-attributes"},"aioseo_notices":[],"_links":{"self":[{"href":"https:\/\/imprimeideas.es\/en\/wp-json\/wp\/v2\/product\/39647","targetHints":{"allow":["GET"]}}],"collection":[{"href":"https:\/\/imprimeideas.es\/en\/wp-json\/wp\/v2\/product"}],"about":[{"href":"https:\/\/imprimeideas.es\/en\/wp-json\/wp\/v2\/types\/product"}],"replies":[{"embeddable":true,"href":"https:\/\/imprimeideas.es\/en\/wp-json\/wp\/v2\/comments?post=39647"}],"version-history":[{"count":1,"href":"https:\/\/imprimeideas.es\/en\/wp-json\/wp\/v2\/product\/39647\/revisions"}],"predecessor-version":[{"id":54277,"href":"https:\/\/imprimeideas.es\/en\/wp-json\/wp\/v2\/product\/39647\/revisions\/54277"}],"wp:featuredmedia":[{"embeddable":true,"href":"https:\/\/imprimeideas.es\/en\/wp-json\/wp\/v2\/media\/69267"}],"wp:attachment":[{"href":"https:\/\/imprimeideas.es\/en\/wp-json\/wp\/v2\/media?parent=39647"}],"wp:term":[{"taxonomy":"product_brand","embeddable":true,"href":"https:\/\/imprimeideas.es\/en\/wp-json\/wp\/v2\/product_brand?post=39647"},{"taxonomy":"product_cat","embeddable":true,"href":"https:\/\/imprimeideas.es\/en\/wp-json\/wp\/v2\/product_cat?post=39647"},{"taxonomy":"product_tag","embeddable":true,"href":"https:\/\/imprimeideas.es\/en\/wp-json\/wp\/v2\/product_tag?post=39647"}],"curies":[{"name":"wp","href":"https:\/\/api.w.org\/{rel}","templated":true}]}}