{"id":39630,"date":"2026-02-24T11:20:11","date_gmt":"2026-02-24T10:20:11","guid":{"rendered":"https:\/\/imprimeideas.es\/?post_type=product&p=39630"},"modified":"2026-02-26T18:19:30","modified_gmt":"2026-02-26T17:19:30","slug":"taza-larray","status":"publish","type":"product","link":"https:\/\/imprimeideas.es\/en\/product\/taza-larray\/","title":{"rendered":"Taza Larray"},"content":{"rendered":"<p>Taza de cer\u00e1mica de 330ml de capacidad con dise\u00f1o vintage y base en bamb\u00fa. Exterior en color blanco moteado e interior a juego, con borde negro. Presentada en caja individual de acabado kraft.<\/p>","protected":false},"excerpt":{"rendered":"<p>330 ml<\/p>","protected":false},"featured_media":77386,"comment_status":"open","ping_status":"open","template":"","meta":{"inline_featured_image":false},"product_brand":[],"product_cat":[122,97],"product_tag":[],"class_list":{"0":"post-39630","1":"product","2":"type-product","3":"status-publish","4":"has-post-thumbnail","6":"product_cat-articulos-sostenibles","7":"product_cat-tazas-jarras-y-termos","9":"first","10":"instock","11":"taxable","12":"shipping-taxable","13":"purchasable","14":"product-type-variable","15":"has-default-attributes"},"aioseo_notices":[],"_links":{"self":[{"href":"https:\/\/imprimeideas.es\/en\/wp-json\/wp\/v2\/product\/39630","targetHints":{"allow":["GET"]}}],"collection":[{"href":"https:\/\/imprimeideas.es\/en\/wp-json\/wp\/v2\/product"}],"about":[{"href":"https:\/\/imprimeideas.es\/en\/wp-json\/wp\/v2\/types\/product"}],"replies":[{"embeddable":true,"href":"https:\/\/imprimeideas.es\/en\/wp-json\/wp\/v2\/comments?post=39630"}],"version-history":[{"count":1,"href":"https:\/\/imprimeideas.es\/en\/wp-json\/wp\/v2\/product\/39630\/revisions"}],"predecessor-version":[{"id":54271,"href":"https:\/\/imprimeideas.es\/en\/wp-json\/wp\/v2\/product\/39630\/revisions\/54271"}],"wp:featuredmedia":[{"embeddable":true,"href":"https:\/\/imprimeideas.es\/en\/wp-json\/wp\/v2\/media\/77386"}],"wp:attachment":[{"href":"https:\/\/imprimeideas.es\/en\/wp-json\/wp\/v2\/media?parent=39630"}],"wp:term":[{"taxonomy":"product_brand","embeddable":true,"href":"https:\/\/imprimeideas.es\/en\/wp-json\/wp\/v2\/product_brand?post=39630"},{"taxonomy":"product_cat","embeddable":true,"href":"https:\/\/imprimeideas.es\/en\/wp-json\/wp\/v2\/product_cat?post=39630"},{"taxonomy":"product_tag","embeddable":true,"href":"https:\/\/imprimeideas.es\/en\/wp-json\/wp\/v2\/product_tag?post=39630"}],"curies":[{"name":"wp","href":"https:\/\/api.w.org\/{rel}","templated":true}]}}