{"id":39574,"date":"2026-02-24T11:20:06","date_gmt":"2026-02-24T10:20:06","guid":{"rendered":"https:\/\/imprimeideas.es\/?post_type=product&p=39574"},"modified":"2026-02-26T18:19:11","modified_gmt":"2026-02-26T17:19:11","slug":"llavero-soporte-evans","status":"publish","type":"product","link":"https:\/\/imprimeideas.es\/en\/product\/llavero-soporte-evans\/","title":{"rendered":"Llavero Soporte Evans"},"content":{"rendered":"<p>Llavero soporte para smartphone y tablet de l\u00ednea nature, hecho en bamb\u00fa procedente de cortes naturales. De fabricaci\u00f3n europea.<\/p>","protected":false},"excerpt":{"rendered":"<p>Llavero soporte para smartphone y tablet de l\u00ednea nature, hecho en bamb\u00fa procedente de cortes naturales. De fabricaci\u00f3n europea.<\/p>","protected":false},"featured_media":86180,"comment_status":"open","ping_status":"open","template":"","meta":{"inline_featured_image":false},"product_brand":[],"product_cat":[122,123,106],"product_tag":[],"class_list":{"0":"post-39574","1":"product","2":"type-product","3":"status-publish","4":"has-post-thumbnail","6":"product_cat-articulos-sostenibles","7":"product_cat-made-in-europe","8":"product_cat-regalos-y-premiums","10":"first","11":"instock","12":"taxable","13":"shipping-taxable","14":"purchasable","15":"product-type-variable","16":"has-default-attributes"},"aioseo_notices":[],"_links":{"self":[{"href":"https:\/\/imprimeideas.es\/en\/wp-json\/wp\/v2\/product\/39574","targetHints":{"allow":["GET"]}}],"collection":[{"href":"https:\/\/imprimeideas.es\/en\/wp-json\/wp\/v2\/product"}],"about":[{"href":"https:\/\/imprimeideas.es\/en\/wp-json\/wp\/v2\/types\/product"}],"replies":[{"embeddable":true,"href":"https:\/\/imprimeideas.es\/en\/wp-json\/wp\/v2\/comments?post=39574"}],"version-history":[{"count":1,"href":"https:\/\/imprimeideas.es\/en\/wp-json\/wp\/v2\/product\/39574\/revisions"}],"predecessor-version":[{"id":58737,"href":"https:\/\/imprimeideas.es\/en\/wp-json\/wp\/v2\/product\/39574\/revisions\/58737"}],"wp:featuredmedia":[{"embeddable":true,"href":"https:\/\/imprimeideas.es\/en\/wp-json\/wp\/v2\/media\/86180"}],"wp:attachment":[{"href":"https:\/\/imprimeideas.es\/en\/wp-json\/wp\/v2\/media?parent=39574"}],"wp:term":[{"taxonomy":"product_brand","embeddable":true,"href":"https:\/\/imprimeideas.es\/en\/wp-json\/wp\/v2\/product_brand?post=39574"},{"taxonomy":"product_cat","embeddable":true,"href":"https:\/\/imprimeideas.es\/en\/wp-json\/wp\/v2\/product_cat?post=39574"},{"taxonomy":"product_tag","embeddable":true,"href":"https:\/\/imprimeideas.es\/en\/wp-json\/wp\/v2\/product_tag?post=39574"}],"curies":[{"name":"wp","href":"https:\/\/api.w.org\/{rel}","templated":true}]}}